{"id":1429,"date":"2021-09-13T10:53:27","date_gmt":"2021-09-13T10:53:27","guid":{"rendered":"http:\/\/agraliagroup.com\/malla-termica-agricola\/"},"modified":"2021-11-01T17:55:25","modified_gmt":"2021-11-01T17:55:25","slug":"filet-thermiqueagricole","status":"publish","type":"page","link":"https:\/\/agraliagroup.com\/fr\/filet-thermiqueagricole\/","title":{"rendered":"Malla T\u00e9rmica Agr\u00edcola FR"},"content":{"rendered":"\t\t<div data-elementor-type=\"wp-page\" data-elementor-id=\"1429\" class=\"elementor elementor-1429\" data-elementor-post-type=\"page\">\n\t\t\t\t\t\t<section class=\"elementor-section elementor-top-section elementor-element elementor-element-2f909f13 elementor-section-height-min-height elementor-section-boxed elementor-section-height-default elementor-section-items-middle\" data-id=\"2f909f13\" data-element_type=\"section\" data-settings=\"{&quot;background_background&quot;:&quot;classic&quot;}\">\n\t\t\t\t\t\t<div class=\"elementor-container elementor-column-gap-default\">\n\t\t\t\t\t<div class=\"elementor-column elementor-col-50 elementor-top-column elementor-element elementor-element-440ebd05\" data-id=\"440ebd05\" data-element_type=\"column\">\n\t\t\t<div class=\"elementor-widget-wrap\">\n\t\t\t\t\t\t\t<\/div>\n\t\t<\/div>\n\t\t\t\t<div class=\"elementor-column elementor-col-50 elementor-top-column elementor-element elementor-element-31cf195\" data-id=\"31cf195\" data-element_type=\"column\">\n\t\t\t<div class=\"elementor-widget-wrap\">\n\t\t\t\t\t\t\t<\/div>\n\t\t<\/div>\n\t\t\t\t\t<\/div>\n\t\t<\/section>\n\t\t\t\t<section class=\"elementor-section elementor-top-section elementor-element elementor-element-4df03069 elementor-section-boxed elementor-section-height-default elementor-section-height-default\" data-id=\"4df03069\" data-element_type=\"section\">\n\t\t\t\t\t\t<div class=\"elementor-container elementor-column-gap-default\">\n\t\t\t\t\t<div class=\"elementor-column elementor-col-50 elementor-top-column elementor-element elementor-element-f768c04\" data-id=\"f768c04\" data-element_type=\"column\">\n\t\t\t<div class=\"elementor-widget-wrap elementor-element-populated\">\n\t\t\t\t\t\t<div class=\"elementor-element elementor-element-5dea401b elementor-widget elementor-widget-heading\" data-id=\"5dea401b\" data-element_type=\"widget\" data-widget_type=\"heading.default\">\n\t\t\t\t<div class=\"elementor-widget-container\">\n\t\t\t\t\t<h1 class=\"elementor-heading-title elementor-size-default\">Filet thermique agricole<\/h1>\t\t\t\t<\/div>\n\t\t\t\t<\/div>\n\t\t\t\t<div class=\"elementor-element elementor-element-7edb4aa0 elementor-widget elementor-widget-text-editor\" data-id=\"7edb4aa0\" data-element_type=\"widget\" data-widget_type=\"text-editor.default\">\n\t\t\t\t<div class=\"elementor-widget-container\">\n\t\t\t\t\t\t\t\t\t<p>Lorsque les conditions thermiques de l&rsquo;environnement ne sont pas les plus appropri\u00e9es pour le d\u00e9veloppement des fruits, des l\u00e9gumes ou de toute autre culture, il est courant de recourir \u00e0 des couvertures thermiques agricoles <strong>afin de pr\u00e9server cette production<\/strong>.<\/p><p>Nous pouvons trouver des couvertures thermiques qui augmentent ou maintiennent la chaleur des cultures, en les prot\u00e9geant des gel\u00e9es ou du froid qui emp\u00eachent la bonne croissance de la plante. D&rsquo;autre part, nous disposons \u00e9galement de <strong>filets r\u00e9ducteurs de temp\u00e9rature<\/strong> tels que l&rsquo;AGRICOOLER.<\/p>\t\t\t\t\t\t\t\t<\/div>\n\t\t\t\t<\/div>\n\t\t\t\t<div class=\"elementor-element elementor-element-7d8d8d53 elementor-widget elementor-widget-heading\" data-id=\"7d8d8d53\" data-element_type=\"widget\" data-widget_type=\"heading.default\">\n\t\t\t\t<div class=\"elementor-widget-container\">\n\t\t\t\t\t<h2 class=\"elementor-heading-title elementor-size-default\">Avantages des couvertures thermiques d'Agralia<\/h2>\t\t\t\t<\/div>\n\t\t\t\t<\/div>\n\t\t\t\t<div class=\"elementor-element elementor-element-58d017c6 elementor-widget elementor-widget-text-editor\" data-id=\"58d017c6\" data-element_type=\"widget\" data-widget_type=\"text-editor.default\">\n\t\t\t\t<div class=\"elementor-widget-container\">\n\t\t\t\t\t\t\t\t\t<p>Le principal avantage de ce type de protection des cultures est de <strong>favoriser la croissance de la plante<\/strong> dans des environnements o\u00f9 sa survie serait moindre. L&rsquo;un des arbres fruitiers pour lesquels ce type de filet est con\u00e7u est le cerisier, qui a besoin de certaines heures de froid pour sa bonne croissance.<\/p>\t\t\t\t\t\t\t\t<\/div>\n\t\t\t\t<\/div>\n\t\t\t\t<div class=\"elementor-element elementor-element-4f536bb6 elementor-widget elementor-widget-button\" data-id=\"4f536bb6\" data-element_type=\"widget\" data-widget_type=\"button.default\">\n\t\t\t\t<div class=\"elementor-widget-container\">\n\t\t\t\t\t\t\t\t\t<div class=\"elementor-button-wrapper\">\n\t\t\t\t\t<a class=\"elementor-button elementor-button-link elementor-size-sm\" href=\"#asesoramiento\">\n\t\t\t\t\t\t<span class=\"elementor-button-content-wrapper\">\n\t\t\t\t\t\t\t\t\t<span class=\"elementor-button-text\">Je souhaite m\u2019informer<\/span>\n\t\t\t\t\t<\/span>\n\t\t\t\t\t<\/a>\n\t\t\t\t<\/div>\n\t\t\t\t\t\t\t\t<\/div>\n\t\t\t\t<\/div>\n\t\t\t\t\t<\/div>\n\t\t<\/div>\n\t\t\t\t<div class=\"elementor-column elementor-col-50 elementor-top-column elementor-element elementor-element-651c556e\" data-id=\"651c556e\" data-element_type=\"column\" data-settings=\"{&quot;background_background&quot;:&quot;classic&quot;}\">\n\t\t\t<div class=\"elementor-widget-wrap\">\n\t\t\t\t\t\t\t<\/div>\n\t\t<\/div>\n\t\t\t\t\t<\/div>\n\t\t<\/section>\n\t\t\t\t<section class=\"elementor-section elementor-top-section elementor-element elementor-element-9a9d710 elementor-section-boxed elementor-section-height-default elementor-section-height-default\" data-id=\"9a9d710\" data-element_type=\"section\" data-settings=\"{&quot;background_background&quot;:&quot;classic&quot;}\">\n\t\t\t\t\t\t<div class=\"elementor-container elementor-column-gap-default\">\n\t\t\t\t\t<div class=\"elementor-column elementor-col-50 elementor-top-column elementor-element elementor-element-2cbf1276\" data-id=\"2cbf1276\" data-element_type=\"column\" data-settings=\"{&quot;background_background&quot;:&quot;classic&quot;}\">\n\t\t\t<div class=\"elementor-widget-wrap\">\n\t\t\t\t\t\t\t<\/div>\n\t\t<\/div>\n\t\t\t\t<div class=\"elementor-column elementor-col-50 elementor-top-column elementor-element elementor-element-3ebed5c9\" data-id=\"3ebed5c9\" data-element_type=\"column\">\n\t\t\t<div class=\"elementor-widget-wrap elementor-element-populated\">\n\t\t\t\t\t\t<div class=\"elementor-element elementor-element-62e6a0e0 elementor-widget elementor-widget-heading\" data-id=\"62e6a0e0\" data-element_type=\"widget\" data-widget_type=\"heading.default\">\n\t\t\t\t<div class=\"elementor-widget-container\">\n\t\t\t\t\t<h2 class=\"elementor-heading-title elementor-size-default\">Pourquoi utiliser des filets thermiques agricoles?<\/h2>\t\t\t\t<\/div>\n\t\t\t\t<\/div>\n\t\t\t\t<div class=\"elementor-element elementor-element-58687f8c elementor-widget elementor-widget-text-editor\" data-id=\"58687f8c\" data-element_type=\"widget\" data-widget_type=\"text-editor.default\">\n\t\t\t\t<div class=\"elementor-widget-container\">\n\t\t\t\t\t\t\t\t\t<div class=\"h-text h-text-component style-2706 style-local-6782-c19 position-relative h-element\" data-colibri-id=\"6782-c19\"><div class=\"\"><div class=\"h-text h-text-component style-2659 style-local-6674-c19 position-relative h-element\" data-colibri-id=\"6674-c19\"><div class=\"\"><p>Ses avantages sont nombreux, comme nous l&rsquo;avons expos\u00e9, bien que sans aucun doute ce type de tissu r\u00e9ducteur de temp\u00e9rature aide \u00e0 obtenir une meilleure uniformit\u00e9 dans la floraison, \u00e9vitant une s\u00e9lection par maturit\u00e9 du fruit.<\/p><p>Une autre grande valeur ajout\u00e9e est <strong>l&rsquo;am\u00e9lioration de la qualit\u00e9 et de la quantit\u00e9 de fruits<\/strong> produits par la culture, ce qui a un impact direct sur une production beaucoup plus rentable.<\/p><p>Agralia dispose de trois mod\u00e8les de filets thermiques\u00a0:<\/p><\/div><\/div><div class=\"h-text h-text-component style-2669 style-local-6674-c20 position-relative h-element\" data-colibri-id=\"6674-c20\"><div class=\"\"><p><a draggable=\"false\" href=\"\/fr\/agricooler-2\" target=\"_blank\" rel=\"noopener\"><span style=\"color: #68af15;\"><strong><u>AGRICOOLER<\/u>\u00a0<\/strong><\/span><\/a>. Con\u00e7u pour r\u00e9duire l&rsquo;impact des rayons infrarouges et am\u00e9liorer l&rsquo;uniformit\u00e9 de la floraison. Am\u00e9liore le nombre total d&rsquo;heures de froid accumul\u00e9es.<\/p><p><strong><span style=\"color: #68af15;\"><a style=\"color: #68af15;\" draggable=\"false\" href=\"\/fr\/agrifresh-nt\" target=\"_blank\" rel=\"noopener\"><u>AGRIFRESH MT<\/u>\u00a0<\/a><\/span><\/strong>. Aide \u00e0 optimiser la photosynth\u00e8se nette que la plante peut effectuer, am\u00e9liorant ainsi sa croissance et sa production.<\/p><p><a draggable=\"false\" href=\"\/fr\/agrisafe\/#agrisafe-tnt\" target=\"_blank\" rel=\"noopener\"><u><strong><span style=\"color: #68af15;\">AGRISAFE TNT<\/span><\/strong><\/u><\/a><span style=\"color: #68af15;\">.<\/span> Il s&rsquo;agit d&rsquo;une couverture thermique sp\u00e9cialement con\u00e7ue pour prot\u00e9ger du gel, en maintenant une temp\u00e9rature plus \u00e9lev\u00e9e que celle de l&rsquo;ext\u00e9rieur.<\/p><\/div><\/div><\/div><\/div>\t\t\t\t\t\t\t\t<\/div>\n\t\t\t\t<\/div>\n\t\t\t\t\t<\/div>\n\t\t<\/div>\n\t\t\t\t\t<\/div>\n\t\t<\/section>\n\t\t\t\t<section class=\"elementor-section elementor-top-section elementor-element elementor-element-43f29033 elementor-section-boxed elementor-section-height-default elementor-section-height-default\" data-id=\"43f29033\" data-element_type=\"section\" data-settings=\"{&quot;background_background&quot;:&quot;classic&quot;,&quot;background_motion_fx_motion_fx_scrolling&quot;:&quot;yes&quot;,&quot;background_motion_fx_translateY_effect&quot;:&quot;yes&quot;,&quot;background_motion_fx_translateY_speed&quot;:{&quot;unit&quot;:&quot;px&quot;,&quot;size&quot;:4,&quot;sizes&quot;:[]},&quot;background_motion_fx_translateY_affectedRange&quot;:{&quot;unit&quot;:&quot;%&quot;,&quot;size&quot;:&quot;&quot;,&quot;sizes&quot;:{&quot;start&quot;:0,&quot;end&quot;:100}},&quot;background_motion_fx_devices&quot;:[&quot;desktop&quot;,&quot;tablet&quot;,&quot;mobile&quot;]}\">\n\t\t\t\t\t\t\t<div class=\"elementor-background-overlay\"><\/div>\n\t\t\t\t\t\t\t<div class=\"elementor-container elementor-column-gap-default\">\n\t\t\t\t\t<div class=\"elementor-column elementor-col-50 elementor-top-column elementor-element elementor-element-6d1d8ebb\" data-id=\"6d1d8ebb\" data-element_type=\"column\" data-settings=\"{&quot;background_background&quot;:&quot;classic&quot;}\">\n\t\t\t<div class=\"elementor-widget-wrap elementor-element-populated\">\n\t\t\t\t\t\t<div class=\"elementor-element elementor-element-9ee7fd8 elementor-widget elementor-widget-text-editor\" data-id=\"9ee7fd8\" data-element_type=\"widget\" data-widget_type=\"text-editor.default\">\n\t\t\t\t<div class=\"elementor-widget-container\">\n\t\t\t\t\t\t\t\t\t<p>Formulaire de contact<\/p>\t\t\t\t\t\t\t\t<\/div>\n\t\t\t\t<\/div>\n\t\t\t\t<div class=\"elementor-element elementor-element-2a0e04ec elementor-view-framed elementor-shape-circle elementor-widget elementor-widget-icon\" data-id=\"2a0e04ec\" data-element_type=\"widget\" data-widget_type=\"icon.default\">\n\t\t\t\t<div class=\"elementor-widget-container\">\n\t\t\t\t\t\t\t<div class=\"elementor-icon-wrapper\">\n\t\t\t<div class=\"elementor-icon\">\n\t\t\t<i aria-hidden=\"true\" class=\"fas fa-binoculars\"><\/i>\t\t\t<\/div>\n\t\t<\/div>\n\t\t\t\t\t\t<\/div>\n\t\t\t\t<\/div>\n\t\t\t\t\t<\/div>\n\t\t<\/div>\n\t\t\t\t<div class=\"elementor-column elementor-col-50 elementor-top-column elementor-element elementor-element-2516401c\" data-id=\"2516401c\" data-element_type=\"column\" data-settings=\"{&quot;background_background&quot;:&quot;classic&quot;}\">\n\t\t\t<div class=\"elementor-widget-wrap elementor-element-populated\">\n\t\t\t\t\t\t<div class=\"elementor-element elementor-element-1bc62f48 elementor-widget elementor-widget-heading\" data-id=\"1bc62f48\" data-element_type=\"widget\" id=\"asesoramiento\" data-widget_type=\"heading.default\">\n\t\t\t\t<div class=\"elementor-widget-container\">\n\t\t\t\t\t<h2 class=\"elementor-heading-title elementor-size-default\">Avez-vous besoin de conseils?<\/h2>\t\t\t\t<\/div>\n\t\t\t\t<\/div>\n\t\t\t\t<div class=\"elementor-element elementor-element-514a46b9 elementor-widget elementor-widget-text-editor\" data-id=\"514a46b9\" data-element_type=\"widget\" data-widget_type=\"text-editor.default\">\n\t\t\t\t<div class=\"elementor-widget-container\">\n\t\t\t\t\t\t\t\t\t<p>Remplissez le formulaire de contact et notre \u00e9quipe r\u00e9pondra \u00e0 vos questions et \u00e0 vos besoins de mani\u00e8re personnalis\u00e9e.<\/p>\t\t\t\t\t\t\t\t<\/div>\n\t\t\t\t<\/div>\n\t\t\t\t<div class=\"elementor-element elementor-element-36d47921 elementor-button-align-end elementor-widget elementor-widget-form\" data-id=\"36d47921\" data-element_type=\"widget\" data-settings=\"{&quot;step_next_label&quot;:&quot;Next&quot;,&quot;step_previous_label&quot;:&quot;Previous&quot;,&quot;button_width&quot;:&quot;100&quot;,&quot;step_type&quot;:&quot;number_text&quot;,&quot;step_icon_shape&quot;:&quot;circle&quot;}\" data-widget_type=\"form.default\">\n\t\t\t\t<div class=\"elementor-widget-container\">\n\t\t\t\t\t\t\t<form class=\"elementor-form\" method=\"post\" name=\"New Form\" aria-label=\"New Form\">\n\t\t\t<input type=\"hidden\" name=\"post_id\" value=\"1429\"\/>\n\t\t\t<input type=\"hidden\" name=\"form_id\" value=\"36d47921\"\/>\n\t\t\t<input type=\"hidden\" name=\"referer_title\" value=\"Filet thermique agricole - Agralia Group\" \/>\n\n\t\t\t\t\t\t\t<input type=\"hidden\" name=\"queried_id\" value=\"1429\"\/>\n\t\t\t\n\t\t\t<div class=\"elementor-form-fields-wrapper elementor-labels-above\">\n\t\t\t\t\t\t\t\t<div class=\"elementor-field-type-text elementor-field-group elementor-column elementor-field-group-name elementor-col-100 elementor-field-required\">\n\t\t\t\t\t\t\t\t\t\t\t\t<label for=\"form-field-name\" class=\"elementor-field-label\">\n\t\t\t\t\t\t\t\tNom (Obligatoire)\t\t\t\t\t\t\t<\/label>\n\t\t\t\t\t\t\t\t\t\t\t\t\t\t<input size=\"1\" type=\"text\" name=\"form_fields[name]\" id=\"form-field-name\" class=\"elementor-field elementor-size-sm  elementor-field-textual\" required=\"required\">\n\t\t\t\t\t\t\t\t\t\t\t<\/div>\n\t\t\t\t\t\t\t\t<div class=\"elementor-field-type-email elementor-field-group elementor-column elementor-field-group-email elementor-col-100 elementor-field-required\">\n\t\t\t\t\t\t\t\t\t\t\t\t<label for=\"form-field-email\" class=\"elementor-field-label\">\n\t\t\t\t\t\t\t\tCourrier (Obligatoire)\t\t\t\t\t\t\t<\/label>\n\t\t\t\t\t\t\t\t\t\t\t\t\t\t<input size=\"1\" type=\"email\" name=\"form_fields[email]\" id=\"form-field-email\" class=\"elementor-field elementor-size-sm  elementor-field-textual\" required=\"required\">\n\t\t\t\t\t\t\t\t\t\t\t<\/div>\n\t\t\t\t\t\t\t\t<div class=\"elementor-field-type-number elementor-field-group elementor-column elementor-field-group-field_0a5665b elementor-col-100\">\n\t\t\t\t\t\t\t\t\t\t\t\t<label for=\"form-field-field_0a5665b\" class=\"elementor-field-label\">\n\t\t\t\t\t\t\t\tT\u00e9l\u00e9phone (Obligatoire)\t\t\t\t\t\t\t<\/label>\n\t\t\t\t\t\t\t\t\t<input type=\"number\" name=\"form_fields[field_0a5665b]\" id=\"form-field-field_0a5665b\" class=\"elementor-field elementor-size-sm  elementor-field-textual\" min=\"\" max=\"\" >\n\t\t\t\t\t\t<\/div>\n\t\t\t\t\t\t\t\t<div class=\"elementor-field-type-text elementor-field-group elementor-column elementor-field-group-field_1548e75 elementor-col-100\">\n\t\t\t\t\t\t\t\t\t\t\t\t<label for=\"form-field-field_1548e75\" class=\"elementor-field-label\">\n\t\t\t\t\t\t\t\tSujet\t\t\t\t\t\t\t<\/label>\n\t\t\t\t\t\t\t\t\t\t\t\t\t\t<input size=\"1\" type=\"text\" name=\"form_fields[field_1548e75]\" id=\"form-field-field_1548e75\" class=\"elementor-field elementor-size-sm  elementor-field-textual\">\n\t\t\t\t\t\t\t\t\t\t\t<\/div>\n\t\t\t\t\t\t\t\t<div class=\"elementor-field-type-textarea elementor-field-group elementor-column elementor-field-group-message elementor-col-100\">\n\t\t\t\t\t\t\t\t\t\t\t\t<label for=\"form-field-message\" class=\"elementor-field-label\">\n\t\t\t\t\t\t\t\tVotre message\t\t\t\t\t\t\t<\/label>\n\t\t\t\t\t\t<textarea class=\"elementor-field-textual elementor-field  elementor-size-sm\" name=\"form_fields[message]\" id=\"form-field-message\" rows=\"4\"><\/textarea>\t\t\t\t<\/div>\n\t\t\t\t\t\t\t\t<div class=\"elementor-field-group elementor-column elementor-field-type-submit elementor-col-100 e-form__buttons\">\n\t\t\t\t\t<button class=\"elementor-button elementor-size-sm\" type=\"submit\">\n\t\t\t\t\t\t<span class=\"elementor-button-content-wrapper\">\n\t\t\t\t\t\t\t\t\t\t\t\t\t\t\t\t\t\t\t\t\t\t<span class=\"elementor-button-text\">Envoyer<\/span>\n\t\t\t\t\t\t\t\t\t\t\t\t\t<\/span>\n\t\t\t\t\t<\/button>\n\t\t\t\t<\/div>\n\t\t\t<\/div>\n\t\t<\/form>\n\t\t\t\t\t\t<\/div>\n\t\t\t\t<\/div>\n\t\t\t\t\t<\/div>\n\t\t<\/div>\n\t\t\t\t\t<\/div>\n\t\t<\/section>\n\t\t\t\t<\/div>\n\t\t","protected":false},"excerpt":{"rendered":"<p>Filet thermique agricole Lorsque les conditions thermiques de l&rsquo;environnement ne sont pas les plus appropri\u00e9es pour le d\u00e9veloppement des fruits, des l\u00e9gumes ou de toute autre culture, il est courant de recourir \u00e0 des couvertures thermiques agricoles afin de pr\u00e9server cette production. Nous pouvons trouver des couvertures thermiques qui augmentent ou maintiennent la chaleur des &#8230; <a title=\"Malla T\u00e9rmica Agr\u00edcola FR\" class=\"read-more\" href=\"https:\/\/agraliagroup.com\/fr\/filet-thermiqueagricole\/\" aria-label=\"En savoir plus sur Malla T\u00e9rmica Agr\u00edcola FR\">Lire la suite<\/a><\/p>\n","protected":false},"author":1,"featured_media":0,"parent":0,"menu_order":0,"comment_status":"closed","ping_status":"closed","template":"","meta":{"footnotes":""},"class_list":["post-1429","page","type-page","status-publish"],"yoast_head":"<!-- This site is optimized with the Yoast SEO plugin v26.2 - https:\/\/yoast.com\/wordpress\/plugins\/seo\/ -->\n<title>Filet thermique agricole - Agralia Group<\/title>\n<meta name=\"description\" content=\"Experts en protection des cultures, demandez des informations sur les filets thermiques du groupe Agralia. Am\u00e9liorez la production de vos cultures.\" \/>\n<meta name=\"robots\" content=\"index, follow, max-snippet:-1, max-image-preview:large, max-video-preview:-1\" \/>\n<link rel=\"canonical\" href=\"https:\/\/agraliagroup.com\/fr\/filet-thermiqueagricole\/\" \/>\n<meta property=\"og:locale\" content=\"fr_FR\" \/>\n<meta property=\"og:type\" content=\"article\" \/>\n<meta property=\"og:title\" content=\"Filet thermique agricole - Agralia Group\" \/>\n<meta property=\"og:description\" content=\"Experts en protection des cultures, demandez des informations sur les filets thermiques du groupe Agralia. Am\u00e9liorez la production de vos cultures.\" \/>\n<meta property=\"og:url\" content=\"https:\/\/agraliagroup.com\/fr\/filet-thermiqueagricole\/\" \/>\n<meta property=\"og:site_name\" content=\"Agralia Group\" \/>\n<meta property=\"article:modified_time\" content=\"2021-11-01T17:55:25+00:00\" \/>\n<meta name=\"twitter:card\" content=\"summary_large_image\" \/>\n<meta name=\"twitter:label1\" content=\"Dur\u00e9e de lecture estim\u00e9e\" \/>\n\t<meta name=\"twitter:data1\" content=\"2 minutes\" \/>\n<script type=\"application\/ld+json\" class=\"yoast-schema-graph\">{\"@context\":\"https:\/\/schema.org\",\"@graph\":[{\"@type\":\"WebPage\",\"@id\":\"https:\/\/agraliagroup.com\/fr\/filet-thermiqueagricole\/\",\"url\":\"https:\/\/agraliagroup.com\/fr\/filet-thermiqueagricole\/\",\"name\":\"Filet thermique agricole - Agralia Group\",\"isPartOf\":{\"@id\":\"https:\/\/agraliagroup.com\/#website\"},\"datePublished\":\"2021-09-13T10:53:27+00:00\",\"dateModified\":\"2021-11-01T17:55:25+00:00\",\"description\":\"Experts en protection des cultures, demandez des informations sur les filets thermiques du groupe Agralia. Am\u00e9liorez la production de vos cultures.\",\"breadcrumb\":{\"@id\":\"https:\/\/agraliagroup.com\/fr\/filet-thermiqueagricole\/#breadcrumb\"},\"inLanguage\":\"fr-FR\",\"potentialAction\":[{\"@type\":\"ReadAction\",\"target\":[\"https:\/\/agraliagroup.com\/fr\/filet-thermiqueagricole\/\"]}]},{\"@type\":\"BreadcrumbList\",\"@id\":\"https:\/\/agraliagroup.com\/fr\/filet-thermiqueagricole\/#breadcrumb\",\"itemListElement\":[{\"@type\":\"ListItem\",\"position\":1,\"name\":\"Portada\",\"item\":\"https:\/\/agraliagroup.com\/fr\/\"},{\"@type\":\"ListItem\",\"position\":2,\"name\":\"Malla T\u00e9rmica Agr\u00edcola FR\"}]},{\"@type\":\"WebSite\",\"@id\":\"https:\/\/agraliagroup.com\/#website\",\"url\":\"https:\/\/agraliagroup.com\/\",\"name\":\"Agralia Group\",\"description\":\"Protecting crops\",\"publisher\":{\"@id\":\"https:\/\/agraliagroup.com\/#organization\"},\"potentialAction\":[{\"@type\":\"SearchAction\",\"target\":{\"@type\":\"EntryPoint\",\"urlTemplate\":\"https:\/\/agraliagroup.com\/?s={search_term_string}\"},\"query-input\":{\"@type\":\"PropertyValueSpecification\",\"valueRequired\":true,\"valueName\":\"search_term_string\"}}],\"inLanguage\":\"fr-FR\"},{\"@type\":\"Organization\",\"@id\":\"https:\/\/agraliagroup.com\/#organization\",\"name\":\"Agralia Group\",\"url\":\"https:\/\/agraliagroup.com\/\",\"logo\":{\"@type\":\"ImageObject\",\"inLanguage\":\"fr-FR\",\"@id\":\"https:\/\/agraliagroup.com\/#\/schema\/logo\/image\/\",\"url\":\"http:\/\/agraliagroup.com\/wp-content\/uploads\/2021\/09\/logoico.png\",\"contentUrl\":\"http:\/\/agraliagroup.com\/wp-content\/uploads\/2021\/09\/logoico.png\",\"width\":350,\"height\":130,\"caption\":\"Agralia Group\"},\"image\":{\"@id\":\"https:\/\/agraliagroup.com\/#\/schema\/logo\/image\/\"}}]}<\/script>\n<!-- \/ Yoast SEO plugin. -->","yoast_head_json":{"title":"Filet thermique agricole - Agralia Group","description":"Experts en protection des cultures, demandez des informations sur les filets thermiques du groupe Agralia. Am\u00e9liorez la production de vos cultures.","robots":{"index":"index","follow":"follow","max-snippet":"max-snippet:-1","max-image-preview":"max-image-preview:large","max-video-preview":"max-video-preview:-1"},"canonical":"https:\/\/agraliagroup.com\/fr\/filet-thermiqueagricole\/","og_locale":"fr_FR","og_type":"article","og_title":"Filet thermique agricole - Agralia Group","og_description":"Experts en protection des cultures, demandez des informations sur les filets thermiques du groupe Agralia. Am\u00e9liorez la production de vos cultures.","og_url":"https:\/\/agraliagroup.com\/fr\/filet-thermiqueagricole\/","og_site_name":"Agralia Group","article_modified_time":"2021-11-01T17:55:25+00:00","twitter_card":"summary_large_image","twitter_misc":{"Dur\u00e9e de lecture estim\u00e9e":"2 minutes"},"schema":{"@context":"https:\/\/schema.org","@graph":[{"@type":"WebPage","@id":"https:\/\/agraliagroup.com\/fr\/filet-thermiqueagricole\/","url":"https:\/\/agraliagroup.com\/fr\/filet-thermiqueagricole\/","name":"Filet thermique agricole - Agralia Group","isPartOf":{"@id":"https:\/\/agraliagroup.com\/#website"},"datePublished":"2021-09-13T10:53:27+00:00","dateModified":"2021-11-01T17:55:25+00:00","description":"Experts en protection des cultures, demandez des informations sur les filets thermiques du groupe Agralia. Am\u00e9liorez la production de vos cultures.","breadcrumb":{"@id":"https:\/\/agraliagroup.com\/fr\/filet-thermiqueagricole\/#breadcrumb"},"inLanguage":"fr-FR","potentialAction":[{"@type":"ReadAction","target":["https:\/\/agraliagroup.com\/fr\/filet-thermiqueagricole\/"]}]},{"@type":"BreadcrumbList","@id":"https:\/\/agraliagroup.com\/fr\/filet-thermiqueagricole\/#breadcrumb","itemListElement":[{"@type":"ListItem","position":1,"name":"Portada","item":"https:\/\/agraliagroup.com\/fr\/"},{"@type":"ListItem","position":2,"name":"Malla T\u00e9rmica Agr\u00edcola FR"}]},{"@type":"WebSite","@id":"https:\/\/agraliagroup.com\/#website","url":"https:\/\/agraliagroup.com\/","name":"Agralia Group","description":"Protecting crops","publisher":{"@id":"https:\/\/agraliagroup.com\/#organization"},"potentialAction":[{"@type":"SearchAction","target":{"@type":"EntryPoint","urlTemplate":"https:\/\/agraliagroup.com\/?s={search_term_string}"},"query-input":{"@type":"PropertyValueSpecification","valueRequired":true,"valueName":"search_term_string"}}],"inLanguage":"fr-FR"},{"@type":"Organization","@id":"https:\/\/agraliagroup.com\/#organization","name":"Agralia Group","url":"https:\/\/agraliagroup.com\/","logo":{"@type":"ImageObject","inLanguage":"fr-FR","@id":"https:\/\/agraliagroup.com\/#\/schema\/logo\/image\/","url":"http:\/\/agraliagroup.com\/wp-content\/uploads\/2021\/09\/logoico.png","contentUrl":"http:\/\/agraliagroup.com\/wp-content\/uploads\/2021\/09\/logoico.png","width":350,"height":130,"caption":"Agralia Group"},"image":{"@id":"https:\/\/agraliagroup.com\/#\/schema\/logo\/image\/"}}]}},"_links":{"self":[{"href":"https:\/\/agraliagroup.com\/fr\/wp-json\/wp\/v2\/pages\/1429","targetHints":{"allow":["GET"]}}],"collection":[{"href":"https:\/\/agraliagroup.com\/fr\/wp-json\/wp\/v2\/pages"}],"about":[{"href":"https:\/\/agraliagroup.com\/fr\/wp-json\/wp\/v2\/types\/page"}],"author":[{"embeddable":true,"href":"https:\/\/agraliagroup.com\/fr\/wp-json\/wp\/v2\/users\/1"}],"replies":[{"embeddable":true,"href":"https:\/\/agraliagroup.com\/fr\/wp-json\/wp\/v2\/comments?post=1429"}],"version-history":[{"count":4,"href":"https:\/\/agraliagroup.com\/fr\/wp-json\/wp\/v2\/pages\/1429\/revisions"}],"predecessor-version":[{"id":1434,"href":"https:\/\/agraliagroup.com\/fr\/wp-json\/wp\/v2\/pages\/1429\/revisions\/1434"}],"wp:attachment":[{"href":"https:\/\/agraliagroup.com\/fr\/wp-json\/wp\/v2\/media?parent=1429"}],"curies":[{"name":"wp","href":"https:\/\/api.w.org\/{rel}","templated":true}]}}