{"id":1415,"date":"2021-09-13T11:16:54","date_gmt":"2021-09-13T11:16:54","guid":{"rendered":"http:\/\/agraliagroup.com\/mallas-anti-insectos\/"},"modified":"2021-11-01T17:43:59","modified_gmt":"2021-11-01T17:43:59","slug":"filets-anti-insectes","status":"publish","type":"page","link":"https:\/\/agraliagroup.com\/fr\/filets-anti-insectes\/","title":{"rendered":"Mallas anti-insectos FR"},"content":{"rendered":"\t\t<div data-elementor-type=\"wp-page\" data-elementor-id=\"1415\" class=\"elementor elementor-1415\" data-elementor-post-type=\"page\">\n\t\t\t\t\t\t<section class=\"elementor-section elementor-top-section elementor-element elementor-element-53c8c5a5 elementor-section-height-min-height elementor-section-boxed elementor-section-height-default elementor-section-items-middle\" data-id=\"53c8c5a5\" data-element_type=\"section\" data-settings=\"{&quot;background_background&quot;:&quot;classic&quot;}\">\n\t\t\t\t\t\t<div class=\"elementor-container elementor-column-gap-default\">\n\t\t\t\t\t<div class=\"elementor-column elementor-col-50 elementor-top-column elementor-element elementor-element-26b3c289\" data-id=\"26b3c289\" data-element_type=\"column\">\n\t\t\t<div class=\"elementor-widget-wrap\">\n\t\t\t\t\t\t\t<\/div>\n\t\t<\/div>\n\t\t\t\t<div class=\"elementor-column elementor-col-50 elementor-top-column elementor-element elementor-element-259b5133\" data-id=\"259b5133\" data-element_type=\"column\">\n\t\t\t<div class=\"elementor-widget-wrap\">\n\t\t\t\t\t\t\t<\/div>\n\t\t<\/div>\n\t\t\t\t\t<\/div>\n\t\t<\/section>\n\t\t\t\t<section class=\"elementor-section elementor-top-section elementor-element elementor-element-4b98f636 elementor-section-boxed elementor-section-height-default elementor-section-height-default\" data-id=\"4b98f636\" data-element_type=\"section\">\n\t\t\t\t\t\t<div class=\"elementor-container elementor-column-gap-default\">\n\t\t\t\t\t<div class=\"elementor-column elementor-col-50 elementor-top-column elementor-element elementor-element-29f77cb9\" data-id=\"29f77cb9\" data-element_type=\"column\">\n\t\t\t<div class=\"elementor-widget-wrap elementor-element-populated\">\n\t\t\t\t\t\t<div class=\"elementor-element elementor-element-577eefd0 elementor-widget elementor-widget-heading\" data-id=\"577eefd0\" data-element_type=\"widget\" data-widget_type=\"heading.default\">\n\t\t\t\t<div class=\"elementor-widget-container\">\n\t\t\t\t\t<h1 class=\"elementor-heading-title elementor-size-default\">Filets anti-insectes<\/h1>\t\t\t\t<\/div>\n\t\t\t\t<\/div>\n\t\t\t\t<div class=\"elementor-element elementor-element-4776ef10 elementor-widget elementor-widget-text-editor\" data-id=\"4776ef10\" data-element_type=\"widget\" data-widget_type=\"text-editor.default\">\n\t\t\t\t<div class=\"elementor-widget-container\">\n\t\t\t\t\t\t\t\t\t<p>L&rsquo;une des menaces que nous rencontrons dans la production de certaines cultures est l&rsquo;apparition d&rsquo;insectes. Certains types d&rsquo;insectes peuvent transmettre des maladies aux plantes ou endommager les feuilles, les fruits ou m\u00eame <strong>r\u00e9duire la production<\/strong> dans un pourcentage \u00e9lev\u00e9.<\/p><p>Les filets anti-insectes d&rsquo;Agralia sont le produit id\u00e9al pour \u00e9viter les insectes nuisibles tels que les thrips, les mites ou les aleurodes, <strong>permettant d&rsquo;utiliser moins de pesticides<\/strong> dans la culture et sans endommager la ventilation des plantes, gr\u00e2ce \u00e0 sa parfaite porosit\u00e9 \u00e0 cet effet.<\/p>\t\t\t\t\t\t\t\t<\/div>\n\t\t\t\t<\/div>\n\t\t\t\t<div class=\"elementor-element elementor-element-30fb3334 elementor-widget elementor-widget-button\" data-id=\"30fb3334\" data-element_type=\"widget\" data-widget_type=\"button.default\">\n\t\t\t\t<div class=\"elementor-widget-container\">\n\t\t\t\t\t\t\t\t\t<div class=\"elementor-button-wrapper\">\n\t\t\t\t\t<a class=\"elementor-button elementor-button-link elementor-size-sm\" href=\"#asesoramiento\">\n\t\t\t\t\t\t<span class=\"elementor-button-content-wrapper\">\n\t\t\t\t\t\t\t\t\t<span class=\"elementor-button-text\">Je souhaite m\u2019informer<\/span>\n\t\t\t\t\t<\/span>\n\t\t\t\t\t<\/a>\n\t\t\t\t<\/div>\n\t\t\t\t\t\t\t\t<\/div>\n\t\t\t\t<\/div>\n\t\t\t\t\t<\/div>\n\t\t<\/div>\n\t\t\t\t<div class=\"elementor-column elementor-col-50 elementor-top-column elementor-element elementor-element-677c65c1\" data-id=\"677c65c1\" data-element_type=\"column\" data-settings=\"{&quot;background_background&quot;:&quot;classic&quot;}\">\n\t\t\t<div class=\"elementor-widget-wrap\">\n\t\t\t\t\t\t\t<\/div>\n\t\t<\/div>\n\t\t\t\t\t<\/div>\n\t\t<\/section>\n\t\t\t\t<section class=\"elementor-section elementor-top-section elementor-element elementor-element-3c7bf87e elementor-section-boxed elementor-section-height-default elementor-section-height-default\" data-id=\"3c7bf87e\" data-element_type=\"section\" data-settings=\"{&quot;background_background&quot;:&quot;classic&quot;}\">\n\t\t\t\t\t\t<div class=\"elementor-container elementor-column-gap-default\">\n\t\t\t\t\t<div class=\"elementor-column elementor-col-50 elementor-top-column elementor-element elementor-element-323aec3\" data-id=\"323aec3\" data-element_type=\"column\" data-settings=\"{&quot;background_background&quot;:&quot;classic&quot;}\">\n\t\t\t<div class=\"elementor-widget-wrap\">\n\t\t\t\t\t\t\t<\/div>\n\t\t<\/div>\n\t\t\t\t<div class=\"elementor-column elementor-col-50 elementor-top-column elementor-element elementor-element-dd7c4a5\" data-id=\"dd7c4a5\" data-element_type=\"column\">\n\t\t\t<div class=\"elementor-widget-wrap elementor-element-populated\">\n\t\t\t\t\t\t<div class=\"elementor-element elementor-element-111b505 elementor-widget elementor-widget-heading\" data-id=\"111b505\" data-element_type=\"widget\" data-widget_type=\"heading.default\">\n\t\t\t\t<div class=\"elementor-widget-container\">\n\t\t\t\t\t<h2 class=\"elementor-heading-title elementor-size-default\">Avantages des filets anti-insectes<\/h2>\t\t\t\t<\/div>\n\t\t\t\t<\/div>\n\t\t\t\t<div class=\"elementor-element elementor-element-2257ea8d elementor-widget elementor-widget-text-editor\" data-id=\"2257ea8d\" data-element_type=\"widget\" data-widget_type=\"text-editor.default\">\n\t\t\t\t<div class=\"elementor-widget-container\">\n\t\t\t\t\t\t\t\t\t<div class=\"h-text h-text-component style-2706 style-local-6782-c19 position-relative h-element\" data-colibri-id=\"6782-c19\"><div class=\"\"><div class=\"h-text h-text-component style-2764 style-local-6848-c17 position-relative h-element\" data-colibri-id=\"6848-c17\"><div class=\"\"><p>En plus des avantages mentionn\u00e9s ci-dessus, les filets anti-insectes d&rsquo;Agralia ont des dimensions uniformes,<strong> formant une barri\u00e8re compl\u00e8te<\/strong> pour tous les types d&rsquo;insecte.<\/p><p>Ils sont tr\u00e8s r\u00e9sistants aux chocs et \u00e0 la rupture, et durent plus longtemps que les autres filets gr\u00e2ce \u00e0 leur fil monofilament.<\/p><p>Agralia a con\u00e7u deux produits uniques : Le filet anti-insectes AGRISTOP AIN et le filet anti\u2011pollinisation AGRISTOP AP.<\/p><\/div><\/div><div class=\"h-text h-text-component style-2775 style-local-6848-c18 position-relative h-element\" data-colibri-id=\"6848-c18\"><div class=\"\"><p><strong><span style=\"color: #68af15;\"><a style=\"color: #68af15;\" draggable=\"false\" href=\"\/fr\/agristop\/#agristop-ain\" target=\"_blank\" rel=\"noopener\"><u>AGRISTOP AIN<\/u><\/a><\/span><\/strong>. Recommand\u00e9 pour prot\u00e9ger les cultures telles que tomates, poivrons, melons, gerberas, courgettes et autres. Protection et r\u00e9sistance.<\/p><p><span style=\"color: #68af15;\"><strong><a style=\"color: #68af15;\" draggable=\"false\" href=\"\/fr\/agristop\/#agristop-ap\" target=\"_blank\" rel=\"noopener\"><u>AGRISTOP AP<\/u>\u00a0<\/a><\/strong><\/span>. Filet anti-pollinisateur de faible poids, tr\u00e8s r\u00e9sistant et durable.<\/p><\/div><\/div><\/div><\/div>\t\t\t\t\t\t\t\t<\/div>\n\t\t\t\t<\/div>\n\t\t\t\t\t<\/div>\n\t\t<\/div>\n\t\t\t\t\t<\/div>\n\t\t<\/section>\n\t\t\t\t<section class=\"elementor-section elementor-top-section elementor-element elementor-element-5ac27240 elementor-section-boxed elementor-section-height-default elementor-section-height-default\" data-id=\"5ac27240\" data-element_type=\"section\" data-settings=\"{&quot;background_background&quot;:&quot;classic&quot;,&quot;background_motion_fx_motion_fx_scrolling&quot;:&quot;yes&quot;,&quot;background_motion_fx_translateY_effect&quot;:&quot;yes&quot;,&quot;background_motion_fx_translateY_speed&quot;:{&quot;unit&quot;:&quot;px&quot;,&quot;size&quot;:4,&quot;sizes&quot;:[]},&quot;background_motion_fx_translateY_affectedRange&quot;:{&quot;unit&quot;:&quot;%&quot;,&quot;size&quot;:&quot;&quot;,&quot;sizes&quot;:{&quot;start&quot;:0,&quot;end&quot;:100}},&quot;background_motion_fx_devices&quot;:[&quot;desktop&quot;,&quot;tablet&quot;,&quot;mobile&quot;]}\">\n\t\t\t\t\t\t\t<div class=\"elementor-background-overlay\"><\/div>\n\t\t\t\t\t\t\t<div class=\"elementor-container elementor-column-gap-default\">\n\t\t\t\t\t<div class=\"elementor-column elementor-col-50 elementor-top-column elementor-element elementor-element-24614d06\" data-id=\"24614d06\" data-element_type=\"column\" data-settings=\"{&quot;background_background&quot;:&quot;classic&quot;}\">\n\t\t\t<div class=\"elementor-widget-wrap elementor-element-populated\">\n\t\t\t\t\t\t<div class=\"elementor-element elementor-element-ce1069a elementor-widget elementor-widget-text-editor\" data-id=\"ce1069a\" data-element_type=\"widget\" data-widget_type=\"text-editor.default\">\n\t\t\t\t<div class=\"elementor-widget-container\">\n\t\t\t\t\t\t\t\t\t<p>Formulaire de contact<\/p>\t\t\t\t\t\t\t\t<\/div>\n\t\t\t\t<\/div>\n\t\t\t\t<div class=\"elementor-element elementor-element-1eb6bb0c elementor-view-framed elementor-shape-circle elementor-widget elementor-widget-icon\" data-id=\"1eb6bb0c\" data-element_type=\"widget\" data-widget_type=\"icon.default\">\n\t\t\t\t<div class=\"elementor-widget-container\">\n\t\t\t\t\t\t\t<div class=\"elementor-icon-wrapper\">\n\t\t\t<div class=\"elementor-icon\">\n\t\t\t<i aria-hidden=\"true\" class=\"fas fa-binoculars\"><\/i>\t\t\t<\/div>\n\t\t<\/div>\n\t\t\t\t\t\t<\/div>\n\t\t\t\t<\/div>\n\t\t\t\t\t<\/div>\n\t\t<\/div>\n\t\t\t\t<div class=\"elementor-column elementor-col-50 elementor-top-column elementor-element elementor-element-2060595f\" data-id=\"2060595f\" data-element_type=\"column\" data-settings=\"{&quot;background_background&quot;:&quot;classic&quot;}\">\n\t\t\t<div class=\"elementor-widget-wrap elementor-element-populated\">\n\t\t\t\t\t\t<div class=\"elementor-element elementor-element-51df866b elementor-widget elementor-widget-heading\" data-id=\"51df866b\" data-element_type=\"widget\" id=\"asesoramiento\" data-widget_type=\"heading.default\">\n\t\t\t\t<div class=\"elementor-widget-container\">\n\t\t\t\t\t<h2 class=\"elementor-heading-title elementor-size-default\">Avez-vous besoin de conseils?<\/h2>\t\t\t\t<\/div>\n\t\t\t\t<\/div>\n\t\t\t\t<div class=\"elementor-element elementor-element-26f76766 elementor-widget elementor-widget-text-editor\" data-id=\"26f76766\" data-element_type=\"widget\" data-widget_type=\"text-editor.default\">\n\t\t\t\t<div class=\"elementor-widget-container\">\n\t\t\t\t\t\t\t\t\t<p>Remplissez le formulaire de contact et notre \u00e9quipe r\u00e9pondra \u00e0 vos questions et \u00e0 vos besoins de mani\u00e8re personnalis\u00e9e.<\/p>\t\t\t\t\t\t\t\t<\/div>\n\t\t\t\t<\/div>\n\t\t\t\t<div class=\"elementor-element elementor-element-37d4309d elementor-button-align-end elementor-widget elementor-widget-form\" data-id=\"37d4309d\" data-element_type=\"widget\" data-settings=\"{&quot;step_next_label&quot;:&quot;Next&quot;,&quot;step_previous_label&quot;:&quot;Previous&quot;,&quot;button_width&quot;:&quot;100&quot;,&quot;step_type&quot;:&quot;number_text&quot;,&quot;step_icon_shape&quot;:&quot;circle&quot;}\" data-widget_type=\"form.default\">\n\t\t\t\t<div class=\"elementor-widget-container\">\n\t\t\t\t\t\t\t<form class=\"elementor-form\" method=\"post\" name=\"New Form\" aria-label=\"New Form\">\n\t\t\t<input type=\"hidden\" name=\"post_id\" value=\"1415\"\/>\n\t\t\t<input type=\"hidden\" name=\"form_id\" value=\"37d4309d\"\/>\n\t\t\t<input type=\"hidden\" name=\"referer_title\" value=\"Filets anti-insectes et anti-pollinisation - Agralia Group\" \/>\n\n\t\t\t\t\t\t\t<input type=\"hidden\" name=\"queried_id\" value=\"1415\"\/>\n\t\t\t\n\t\t\t<div class=\"elementor-form-fields-wrapper elementor-labels-above\">\n\t\t\t\t\t\t\t\t<div class=\"elementor-field-type-text elementor-field-group elementor-column elementor-field-group-name elementor-col-100 elementor-field-required\">\n\t\t\t\t\t\t\t\t\t\t\t\t<label for=\"form-field-name\" class=\"elementor-field-label\">\n\t\t\t\t\t\t\t\tNom (Obligatoire)\t\t\t\t\t\t\t<\/label>\n\t\t\t\t\t\t\t\t\t\t\t\t\t\t<input size=\"1\" type=\"text\" name=\"form_fields[name]\" id=\"form-field-name\" class=\"elementor-field elementor-size-sm  elementor-field-textual\" required=\"required\">\n\t\t\t\t\t\t\t\t\t\t\t<\/div>\n\t\t\t\t\t\t\t\t<div class=\"elementor-field-type-email elementor-field-group elementor-column elementor-field-group-email elementor-col-100 elementor-field-required\">\n\t\t\t\t\t\t\t\t\t\t\t\t<label for=\"form-field-email\" class=\"elementor-field-label\">\n\t\t\t\t\t\t\t\tCourrier (Obligatoire)\t\t\t\t\t\t\t<\/label>\n\t\t\t\t\t\t\t\t\t\t\t\t\t\t<input size=\"1\" type=\"email\" name=\"form_fields[email]\" id=\"form-field-email\" class=\"elementor-field elementor-size-sm  elementor-field-textual\" required=\"required\">\n\t\t\t\t\t\t\t\t\t\t\t<\/div>\n\t\t\t\t\t\t\t\t<div class=\"elementor-field-type-number elementor-field-group elementor-column elementor-field-group-field_0a5665b elementor-col-100\">\n\t\t\t\t\t\t\t\t\t\t\t\t<label for=\"form-field-field_0a5665b\" class=\"elementor-field-label\">\n\t\t\t\t\t\t\t\tT\u00e9l\u00e9phone (Obligatoire)\t\t\t\t\t\t\t<\/label>\n\t\t\t\t\t\t\t\t\t<input type=\"number\" name=\"form_fields[field_0a5665b]\" id=\"form-field-field_0a5665b\" class=\"elementor-field elementor-size-sm  elementor-field-textual\" min=\"\" max=\"\" >\n\t\t\t\t\t\t<\/div>\n\t\t\t\t\t\t\t\t<div class=\"elementor-field-type-text elementor-field-group elementor-column elementor-field-group-field_1548e75 elementor-col-100\">\n\t\t\t\t\t\t\t\t\t\t\t\t<label for=\"form-field-field_1548e75\" class=\"elementor-field-label\">\n\t\t\t\t\t\t\t\tSujet\t\t\t\t\t\t\t<\/label>\n\t\t\t\t\t\t\t\t\t\t\t\t\t\t<input size=\"1\" type=\"text\" name=\"form_fields[field_1548e75]\" id=\"form-field-field_1548e75\" class=\"elementor-field elementor-size-sm  elementor-field-textual\">\n\t\t\t\t\t\t\t\t\t\t\t<\/div>\n\t\t\t\t\t\t\t\t<div class=\"elementor-field-type-textarea elementor-field-group elementor-column elementor-field-group-message elementor-col-100\">\n\t\t\t\t\t\t\t\t\t\t\t\t<label for=\"form-field-message\" class=\"elementor-field-label\">\n\t\t\t\t\t\t\t\tVotre message\t\t\t\t\t\t\t<\/label>\n\t\t\t\t\t\t<textarea class=\"elementor-field-textual elementor-field  elementor-size-sm\" name=\"form_fields[message]\" id=\"form-field-message\" rows=\"4\"><\/textarea>\t\t\t\t<\/div>\n\t\t\t\t\t\t\t\t<div class=\"elementor-field-group elementor-column elementor-field-type-submit elementor-col-100 e-form__buttons\">\n\t\t\t\t\t<button class=\"elementor-button elementor-size-sm\" type=\"submit\">\n\t\t\t\t\t\t<span class=\"elementor-button-content-wrapper\">\n\t\t\t\t\t\t\t\t\t\t\t\t\t\t\t\t\t\t\t\t\t\t<span class=\"elementor-button-text\">Envoyer<\/span>\n\t\t\t\t\t\t\t\t\t\t\t\t\t<\/span>\n\t\t\t\t\t<\/button>\n\t\t\t\t<\/div>\n\t\t\t<\/div>\n\t\t<\/form>\n\t\t\t\t\t\t<\/div>\n\t\t\t\t<\/div>\n\t\t\t\t\t<\/div>\n\t\t<\/div>\n\t\t\t\t\t<\/div>\n\t\t<\/section>\n\t\t\t\t<\/div>\n\t\t","protected":false},"excerpt":{"rendered":"<p>Filets anti-insectes L&rsquo;une des menaces que nous rencontrons dans la production de certaines cultures est l&rsquo;apparition d&rsquo;insectes. Certains types d&rsquo;insectes peuvent transmettre des maladies aux plantes ou endommager les feuilles, les fruits ou m\u00eame r\u00e9duire la production dans un pourcentage \u00e9lev\u00e9. Les filets anti-insectes d&rsquo;Agralia sont le produit id\u00e9al pour \u00e9viter les insectes nuisibles tels &#8230; <a title=\"Mallas anti-insectos FR\" class=\"read-more\" href=\"https:\/\/agraliagroup.com\/fr\/filets-anti-insectes\/\" aria-label=\"En savoir plus sur Mallas anti-insectos FR\">Lire la suite<\/a><\/p>\n","protected":false},"author":1,"featured_media":0,"parent":0,"menu_order":0,"comment_status":"closed","ping_status":"closed","template":"","meta":{"footnotes":""},"class_list":["post-1415","page","type-page","status-publish"],"yoast_head":"<!-- This site is optimized with the Yoast SEO plugin v26.2 - https:\/\/yoast.com\/wordpress\/plugins\/seo\/ -->\n<title>Filets anti-insectes et anti-pollinisation - Agralia Group<\/title>\n<meta name=\"description\" content=\"Les filets anti-insectes d&#039;Agralia ont des dimensions uniformes, formant une barri\u00e8re compl\u00e8te pour tout type d&#039;insecte. Demandez-nous!\" \/>\n<meta name=\"robots\" content=\"index, follow, max-snippet:-1, max-image-preview:large, max-video-preview:-1\" \/>\n<link rel=\"canonical\" href=\"https:\/\/agraliagroup.com\/fr\/filets-anti-insectes\/\" \/>\n<meta property=\"og:locale\" content=\"fr_FR\" \/>\n<meta property=\"og:type\" content=\"article\" \/>\n<meta property=\"og:title\" content=\"Filets anti-insectes et anti-pollinisation - Agralia Group\" \/>\n<meta property=\"og:description\" content=\"Les filets anti-insectes d&#039;Agralia ont des dimensions uniformes, formant une barri\u00e8re compl\u00e8te pour tout type d&#039;insecte. Demandez-nous!\" \/>\n<meta property=\"og:url\" content=\"https:\/\/agraliagroup.com\/fr\/filets-anti-insectes\/\" \/>\n<meta property=\"og:site_name\" content=\"Agralia Group\" \/>\n<meta property=\"article:modified_time\" content=\"2021-11-01T17:43:59+00:00\" \/>\n<meta name=\"twitter:card\" content=\"summary_large_image\" \/>\n<meta name=\"twitter:label1\" content=\"Dur\u00e9e de lecture estim\u00e9e\" \/>\n\t<meta name=\"twitter:data1\" content=\"1 minute\" \/>\n<script type=\"application\/ld+json\" class=\"yoast-schema-graph\">{\"@context\":\"https:\/\/schema.org\",\"@graph\":[{\"@type\":\"WebPage\",\"@id\":\"https:\/\/agraliagroup.com\/fr\/filets-anti-insectes\/\",\"url\":\"https:\/\/agraliagroup.com\/fr\/filets-anti-insectes\/\",\"name\":\"Filets anti-insectes et anti-pollinisation - Agralia Group\",\"isPartOf\":{\"@id\":\"https:\/\/agraliagroup.com\/#website\"},\"datePublished\":\"2021-09-13T11:16:54+00:00\",\"dateModified\":\"2021-11-01T17:43:59+00:00\",\"description\":\"Les filets anti-insectes d'Agralia ont des dimensions uniformes, formant une barri\u00e8re compl\u00e8te pour tout type d'insecte. Demandez-nous!\",\"breadcrumb\":{\"@id\":\"https:\/\/agraliagroup.com\/fr\/filets-anti-insectes\/#breadcrumb\"},\"inLanguage\":\"fr-FR\",\"potentialAction\":[{\"@type\":\"ReadAction\",\"target\":[\"https:\/\/agraliagroup.com\/fr\/filets-anti-insectes\/\"]}]},{\"@type\":\"BreadcrumbList\",\"@id\":\"https:\/\/agraliagroup.com\/fr\/filets-anti-insectes\/#breadcrumb\",\"itemListElement\":[{\"@type\":\"ListItem\",\"position\":1,\"name\":\"Portada\",\"item\":\"https:\/\/agraliagroup.com\/fr\/\"},{\"@type\":\"ListItem\",\"position\":2,\"name\":\"Mallas anti-insectos FR\"}]},{\"@type\":\"WebSite\",\"@id\":\"https:\/\/agraliagroup.com\/#website\",\"url\":\"https:\/\/agraliagroup.com\/\",\"name\":\"Agralia Group\",\"description\":\"Protecting crops\",\"publisher\":{\"@id\":\"https:\/\/agraliagroup.com\/#organization\"},\"potentialAction\":[{\"@type\":\"SearchAction\",\"target\":{\"@type\":\"EntryPoint\",\"urlTemplate\":\"https:\/\/agraliagroup.com\/?s={search_term_string}\"},\"query-input\":{\"@type\":\"PropertyValueSpecification\",\"valueRequired\":true,\"valueName\":\"search_term_string\"}}],\"inLanguage\":\"fr-FR\"},{\"@type\":\"Organization\",\"@id\":\"https:\/\/agraliagroup.com\/#organization\",\"name\":\"Agralia Group\",\"url\":\"https:\/\/agraliagroup.com\/\",\"logo\":{\"@type\":\"ImageObject\",\"inLanguage\":\"fr-FR\",\"@id\":\"https:\/\/agraliagroup.com\/#\/schema\/logo\/image\/\",\"url\":\"http:\/\/agraliagroup.com\/wp-content\/uploads\/2021\/09\/logoico.png\",\"contentUrl\":\"http:\/\/agraliagroup.com\/wp-content\/uploads\/2021\/09\/logoico.png\",\"width\":350,\"height\":130,\"caption\":\"Agralia Group\"},\"image\":{\"@id\":\"https:\/\/agraliagroup.com\/#\/schema\/logo\/image\/\"}}]}<\/script>\n<!-- \/ Yoast SEO plugin. -->","yoast_head_json":{"title":"Filets anti-insectes et anti-pollinisation - Agralia Group","description":"Les filets anti-insectes d'Agralia ont des dimensions uniformes, formant une barri\u00e8re compl\u00e8te pour tout type d'insecte. Demandez-nous!","robots":{"index":"index","follow":"follow","max-snippet":"max-snippet:-1","max-image-preview":"max-image-preview:large","max-video-preview":"max-video-preview:-1"},"canonical":"https:\/\/agraliagroup.com\/fr\/filets-anti-insectes\/","og_locale":"fr_FR","og_type":"article","og_title":"Filets anti-insectes et anti-pollinisation - Agralia Group","og_description":"Les filets anti-insectes d'Agralia ont des dimensions uniformes, formant une barri\u00e8re compl\u00e8te pour tout type d'insecte. Demandez-nous!","og_url":"https:\/\/agraliagroup.com\/fr\/filets-anti-insectes\/","og_site_name":"Agralia Group","article_modified_time":"2021-11-01T17:43:59+00:00","twitter_card":"summary_large_image","twitter_misc":{"Dur\u00e9e de lecture estim\u00e9e":"1 minute"},"schema":{"@context":"https:\/\/schema.org","@graph":[{"@type":"WebPage","@id":"https:\/\/agraliagroup.com\/fr\/filets-anti-insectes\/","url":"https:\/\/agraliagroup.com\/fr\/filets-anti-insectes\/","name":"Filets anti-insectes et anti-pollinisation - Agralia Group","isPartOf":{"@id":"https:\/\/agraliagroup.com\/#website"},"datePublished":"2021-09-13T11:16:54+00:00","dateModified":"2021-11-01T17:43:59+00:00","description":"Les filets anti-insectes d'Agralia ont des dimensions uniformes, formant une barri\u00e8re compl\u00e8te pour tout type d'insecte. Demandez-nous!","breadcrumb":{"@id":"https:\/\/agraliagroup.com\/fr\/filets-anti-insectes\/#breadcrumb"},"inLanguage":"fr-FR","potentialAction":[{"@type":"ReadAction","target":["https:\/\/agraliagroup.com\/fr\/filets-anti-insectes\/"]}]},{"@type":"BreadcrumbList","@id":"https:\/\/agraliagroup.com\/fr\/filets-anti-insectes\/#breadcrumb","itemListElement":[{"@type":"ListItem","position":1,"name":"Portada","item":"https:\/\/agraliagroup.com\/fr\/"},{"@type":"ListItem","position":2,"name":"Mallas anti-insectos FR"}]},{"@type":"WebSite","@id":"https:\/\/agraliagroup.com\/#website","url":"https:\/\/agraliagroup.com\/","name":"Agralia Group","description":"Protecting crops","publisher":{"@id":"https:\/\/agraliagroup.com\/#organization"},"potentialAction":[{"@type":"SearchAction","target":{"@type":"EntryPoint","urlTemplate":"https:\/\/agraliagroup.com\/?s={search_term_string}"},"query-input":{"@type":"PropertyValueSpecification","valueRequired":true,"valueName":"search_term_string"}}],"inLanguage":"fr-FR"},{"@type":"Organization","@id":"https:\/\/agraliagroup.com\/#organization","name":"Agralia Group","url":"https:\/\/agraliagroup.com\/","logo":{"@type":"ImageObject","inLanguage":"fr-FR","@id":"https:\/\/agraliagroup.com\/#\/schema\/logo\/image\/","url":"http:\/\/agraliagroup.com\/wp-content\/uploads\/2021\/09\/logoico.png","contentUrl":"http:\/\/agraliagroup.com\/wp-content\/uploads\/2021\/09\/logoico.png","width":350,"height":130,"caption":"Agralia Group"},"image":{"@id":"https:\/\/agraliagroup.com\/#\/schema\/logo\/image\/"}}]}},"_links":{"self":[{"href":"https:\/\/agraliagroup.com\/fr\/wp-json\/wp\/v2\/pages\/1415","targetHints":{"allow":["GET"]}}],"collection":[{"href":"https:\/\/agraliagroup.com\/fr\/wp-json\/wp\/v2\/pages"}],"about":[{"href":"https:\/\/agraliagroup.com\/fr\/wp-json\/wp\/v2\/types\/page"}],"author":[{"embeddable":true,"href":"https:\/\/agraliagroup.com\/fr\/wp-json\/wp\/v2\/users\/1"}],"replies":[{"embeddable":true,"href":"https:\/\/agraliagroup.com\/fr\/wp-json\/wp\/v2\/comments?post=1415"}],"version-history":[{"count":5,"href":"https:\/\/agraliagroup.com\/fr\/wp-json\/wp\/v2\/pages\/1415\/revisions"}],"predecessor-version":[{"id":1422,"href":"https:\/\/agraliagroup.com\/fr\/wp-json\/wp\/v2\/pages\/1415\/revisions\/1422"}],"wp:attachment":[{"href":"https:\/\/agraliagroup.com\/fr\/wp-json\/wp\/v2\/media?parent=1415"}],"curies":[{"name":"wp","href":"https:\/\/api.w.org\/{rel}","templated":true}]}}