{"id":1408,"date":"2021-09-13T09:58:14","date_gmt":"2021-09-13T09:58:14","guid":{"rendered":"http:\/\/agraliagroup.com\/mallas-antigranizo\/"},"modified":"2021-11-01T17:39:08","modified_gmt":"2021-11-01T17:39:08","slug":"filets-anti-grele","status":"publish","type":"page","link":"https:\/\/agraliagroup.com\/fr\/filets-anti-grele\/","title":{"rendered":"Mallas antigranizo FR"},"content":{"rendered":"\t\t<div data-elementor-type=\"wp-page\" data-elementor-id=\"1408\" class=\"elementor elementor-1408\" data-elementor-post-type=\"page\">\n\t\t\t\t\t\t<section class=\"elementor-section elementor-top-section elementor-element elementor-element-33ebf68c elementor-section-height-min-height elementor-section-boxed elementor-section-height-default elementor-section-items-middle\" data-id=\"33ebf68c\" data-element_type=\"section\" data-settings=\"{&quot;background_background&quot;:&quot;classic&quot;}\">\n\t\t\t\t\t\t<div class=\"elementor-container elementor-column-gap-default\">\n\t\t\t\t\t<div class=\"elementor-column elementor-col-50 elementor-top-column elementor-element elementor-element-2fa28e01\" data-id=\"2fa28e01\" data-element_type=\"column\">\n\t\t\t<div class=\"elementor-widget-wrap\">\n\t\t\t\t\t\t\t<\/div>\n\t\t<\/div>\n\t\t\t\t<div class=\"elementor-column elementor-col-50 elementor-top-column elementor-element elementor-element-4d5f997f\" data-id=\"4d5f997f\" data-element_type=\"column\">\n\t\t\t<div class=\"elementor-widget-wrap\">\n\t\t\t\t\t\t\t<\/div>\n\t\t<\/div>\n\t\t\t\t\t<\/div>\n\t\t<\/section>\n\t\t\t\t<section class=\"elementor-section elementor-top-section elementor-element elementor-element-de377e9 elementor-section-boxed elementor-section-height-default elementor-section-height-default\" data-id=\"de377e9\" data-element_type=\"section\">\n\t\t\t\t\t\t<div class=\"elementor-container elementor-column-gap-default\">\n\t\t\t\t\t<div class=\"elementor-column elementor-col-50 elementor-top-column elementor-element elementor-element-2e26ece7\" data-id=\"2e26ece7\" data-element_type=\"column\">\n\t\t\t<div class=\"elementor-widget-wrap elementor-element-populated\">\n\t\t\t\t\t\t<div class=\"elementor-element elementor-element-7d901606 elementor-widget elementor-widget-heading\" data-id=\"7d901606\" data-element_type=\"widget\" data-widget_type=\"heading.default\">\n\t\t\t\t<div class=\"elementor-widget-container\">\n\t\t\t\t\t<h1 class=\"elementor-heading-title elementor-size-default\">Filets anti-gr\u00eale<\/h1>\t\t\t\t<\/div>\n\t\t\t\t<\/div>\n\t\t\t\t<div class=\"elementor-element elementor-element-2c0d202c elementor-widget elementor-widget-text-editor\" data-id=\"2c0d202c\" data-element_type=\"widget\" data-widget_type=\"text-editor.default\">\n\t\t\t\t<div class=\"elementor-widget-container\">\n\t\t\t\t\t\t\t\t\t<p>Les intemp\u00e9ries sont l&rsquo;une des principales pr\u00e9occupations des producteurs et des professionnels de la culture et des vergers. La gr\u00eale, en particulier, est responsable de la perte de r\u00e9coltes dans de nombreuses r\u00e9gions, car <strong>les temp\u00eates sont souvent soudaines et difficiles \u00e0 pr\u00e9voir avec pr\u00e9cision<\/strong>.<\/p><p>Pour en att\u00e9nuer les effets, des filets anti-gr\u00eale ont \u00e9t\u00e9 cr\u00e9\u00e9s, un investissement n\u00e9cessaire pour de nombreux professionnels. Les <strong>filets anti-gr\u00eale d&rsquo;Agralia<\/strong> sont constitu\u00e9s de fils monofilaments de poly\u00e9thyl\u00e8ne de haute densit\u00e9, permettant ainsi de ralentir l&rsquo;impact et de prot\u00e9ger votre culture, votre vignoble ou votre verger.<\/p>\t\t\t\t\t\t\t\t<\/div>\n\t\t\t\t<\/div>\n\t\t\t\t<div class=\"elementor-element elementor-element-6436038a elementor-widget elementor-widget-button\" data-id=\"6436038a\" data-element_type=\"widget\" data-widget_type=\"button.default\">\n\t\t\t\t<div class=\"elementor-widget-container\">\n\t\t\t\t\t\t\t\t\t<div class=\"elementor-button-wrapper\">\n\t\t\t\t\t<a class=\"elementor-button elementor-button-link elementor-size-sm\" href=\"#asesoramiento\">\n\t\t\t\t\t\t<span class=\"elementor-button-content-wrapper\">\n\t\t\t\t\t\t\t\t\t<span class=\"elementor-button-text\">Je souhaite m\u2019informer<\/span>\n\t\t\t\t\t<\/span>\n\t\t\t\t\t<\/a>\n\t\t\t\t<\/div>\n\t\t\t\t\t\t\t\t<\/div>\n\t\t\t\t<\/div>\n\t\t\t\t\t<\/div>\n\t\t<\/div>\n\t\t\t\t<div class=\"elementor-column elementor-col-50 elementor-top-column elementor-element elementor-element-35bf8b0\" data-id=\"35bf8b0\" data-element_type=\"column\" data-settings=\"{&quot;background_background&quot;:&quot;classic&quot;}\">\n\t\t\t<div class=\"elementor-widget-wrap\">\n\t\t\t\t\t\t\t<\/div>\n\t\t<\/div>\n\t\t\t\t\t<\/div>\n\t\t<\/section>\n\t\t\t\t<section class=\"elementor-section elementor-top-section elementor-element elementor-element-579a4926 elementor-section-boxed elementor-section-height-default elementor-section-height-default\" data-id=\"579a4926\" data-element_type=\"section\" data-settings=\"{&quot;background_background&quot;:&quot;classic&quot;}\">\n\t\t\t\t\t\t<div class=\"elementor-container elementor-column-gap-default\">\n\t\t\t\t\t<div class=\"elementor-column elementor-col-50 elementor-top-column elementor-element elementor-element-61dec52f\" data-id=\"61dec52f\" data-element_type=\"column\" data-settings=\"{&quot;background_background&quot;:&quot;classic&quot;}\">\n\t\t\t<div class=\"elementor-widget-wrap\">\n\t\t\t\t\t\t\t<\/div>\n\t\t<\/div>\n\t\t\t\t<div class=\"elementor-column elementor-col-50 elementor-top-column elementor-element elementor-element-2de8eb27\" data-id=\"2de8eb27\" data-element_type=\"column\">\n\t\t\t<div class=\"elementor-widget-wrap elementor-element-populated\">\n\t\t\t\t\t\t<div class=\"elementor-element elementor-element-cec2805 elementor-widget elementor-widget-heading\" data-id=\"cec2805\" data-element_type=\"widget\" data-widget_type=\"heading.default\">\n\t\t\t\t<div class=\"elementor-widget-container\">\n\t\t\t\t\t<h2 class=\"elementor-heading-title elementor-size-default\">Pour quelles cultures un filet anti-gr\u00eale est-il recommand\u00e9?<\/h2>\t\t\t\t<\/div>\n\t\t\t\t<\/div>\n\t\t\t\t<div class=\"elementor-element elementor-element-3c634c5 elementor-widget elementor-widget-heading\" data-id=\"3c634c5\" data-element_type=\"widget\" data-widget_type=\"heading.default\">\n\t\t\t\t<div class=\"elementor-widget-container\">\n\t\t\t\t\t<h3 class=\"elementor-heading-title elementor-size-default\">Filets anti-gr\u00eale pour arbres fruitiers<\/h3>\t\t\t\t<\/div>\n\t\t\t\t<\/div>\n\t\t\t\t<div class=\"elementor-element elementor-element-ac62b1e elementor-widget elementor-widget-text-editor\" data-id=\"ac62b1e\" data-element_type=\"widget\" data-widget_type=\"text-editor.default\">\n\t\t\t\t<div class=\"elementor-widget-container\">\n\t\t\t\t\t\t\t\t\t<div class=\"h-text h-text-component style-2706 style-local-6782-c19 position-relative h-element\" data-colibri-id=\"6782-c19\"><div class=\"\"><p>Les fruits charnus tels que les p\u00eaches, les pommes, les poires, les cerises ou les loquats sont des arbres fruitiers particuli\u00e8rement sensibles \u00e0 la gr\u00eale.<\/p><\/div><\/div>\t\t\t\t\t\t\t\t<\/div>\n\t\t\t\t<\/div>\n\t\t\t\t<div class=\"elementor-element elementor-element-7a428f7 elementor-widget elementor-widget-heading\" data-id=\"7a428f7\" data-element_type=\"widget\" data-widget_type=\"heading.default\">\n\t\t\t\t<div class=\"elementor-widget-container\">\n\t\t\t\t\t<h3 class=\"elementor-heading-title elementor-size-default\">Filets anti-gr\u00eale pour les vignobles<\/h3>\t\t\t\t<\/div>\n\t\t\t\t<\/div>\n\t\t\t\t<div class=\"elementor-element elementor-element-5e327d9 elementor-widget elementor-widget-text-editor\" data-id=\"5e327d9\" data-element_type=\"widget\" data-widget_type=\"text-editor.default\">\n\t\t\t\t<div class=\"elementor-widget-container\">\n\t\t\t\t\t\t\t\t\t<div class=\"h-text h-text-component style-2706 style-local-6782-c19 position-relative h-element\" data-colibri-id=\"6782-c19\"><div class=\"\"><div class=\"h-text h-text-component style-2758 style-local-6816-c28 position-relative h-element\" data-colibri-id=\"6816-c28\"><div class=\"\"><p>Les filets d&rsquo;Agralia sont particuli\u00e8rement utiles pour les vignobles car ils prot\u00e8gent \u00e9galement des oiseaux et r\u00e9duisent le rayonnement des rayons du soleil gr\u00e2ce \u00e0 leur protection UV.<\/p><p>Nous avons les produits n\u00e9cessaires pour prot\u00e9ger vos cultures de la gr\u00eale, du soleil ou du vent. Nous vous invitons \u00e0 visiter nos mod\u00e8les.<\/p><\/div><\/div><div class=\"h-text h-text-component style-2747 style-local-6816-c18 position-relative h-element\" data-colibri-id=\"6816-c18\"><div class=\"\"><p><strong><span style=\"color: #68af15;\"><a style=\"color: #68af15;\" href=\"\/fr\/agrisafe\/#agrisafe-agl\" target=\"_blank\" rel=\"noopener\"><u>AGRISAFE AGL<\/u>\u00a0<\/a><\/span><\/strong>. Prot\u00e9gez vos cultures de la gr\u00eale avec ce filet en tissu Leno.<\/p><p><strong><span style=\"color: #68af15;\"><a style=\"color: #68af15;\" href=\"\/fr\/agristop\/#agristop-map\" target=\"_blank\" rel=\"noopener\"><u>AGRISTOP MAP<\/u>\u00a0<\/a><\/span><\/strong>. Filet anti-oiseaux de faible poids et de haute r\u00e9sistance.<\/p><p><a href=\"\/fr\/agrisafe\/#agrisafe-agr\" target=\"_blank\" rel=\"noopener\"><strong><span style=\"color: #68af15;\"><u>AGRISAFE AGR<\/u>\u00a0<\/span><\/strong><\/a>. Il s&rsquo;agit d&rsquo;une maille tr\u00e8s facile \u00e0 assembler, tr\u00e8s r\u00e9sistante et qui prot\u00e8ge \u00e0 la fois de la gr\u00eale et du soleil.<\/p><p><strong><span style=\"color: #68af15;\"><a style=\"color: #68af15;\" href=\"\/fr\/agrisafe\/#agrisafe-cv\" target=\"_blank\" rel=\"noopener\"><u>AGRISAFE CV<\/u>\u00a0<\/a><\/span><\/strong>. Filet brise-vent, pr\u00e9venant les dommages dus au frottement des branches, permettant une r\u00e9colte plus rentable.<\/p><\/div><\/div><\/div><\/div>\t\t\t\t\t\t\t\t<\/div>\n\t\t\t\t<\/div>\n\t\t\t\t\t<\/div>\n\t\t<\/div>\n\t\t\t\t\t<\/div>\n\t\t<\/section>\n\t\t\t\t<section class=\"elementor-section elementor-top-section elementor-element elementor-element-1724f368 elementor-section-boxed elementor-section-height-default elementor-section-height-default\" data-id=\"1724f368\" data-element_type=\"section\" data-settings=\"{&quot;background_background&quot;:&quot;classic&quot;,&quot;background_motion_fx_motion_fx_scrolling&quot;:&quot;yes&quot;,&quot;background_motion_fx_translateY_effect&quot;:&quot;yes&quot;,&quot;background_motion_fx_translateY_speed&quot;:{&quot;unit&quot;:&quot;px&quot;,&quot;size&quot;:4,&quot;sizes&quot;:[]},&quot;background_motion_fx_translateY_affectedRange&quot;:{&quot;unit&quot;:&quot;%&quot;,&quot;size&quot;:&quot;&quot;,&quot;sizes&quot;:{&quot;start&quot;:0,&quot;end&quot;:100}},&quot;background_motion_fx_devices&quot;:[&quot;desktop&quot;,&quot;tablet&quot;,&quot;mobile&quot;]}\">\n\t\t\t\t\t\t\t<div class=\"elementor-background-overlay\"><\/div>\n\t\t\t\t\t\t\t<div class=\"elementor-container elementor-column-gap-default\">\n\t\t\t\t\t<div class=\"elementor-column elementor-col-50 elementor-top-column elementor-element elementor-element-72d33f6f\" data-id=\"72d33f6f\" data-element_type=\"column\" data-settings=\"{&quot;background_background&quot;:&quot;classic&quot;}\">\n\t\t\t<div class=\"elementor-widget-wrap elementor-element-populated\">\n\t\t\t\t\t\t<div class=\"elementor-element elementor-element-4bc77939 elementor-widget elementor-widget-text-editor\" data-id=\"4bc77939\" data-element_type=\"widget\" data-widget_type=\"text-editor.default\">\n\t\t\t\t<div class=\"elementor-widget-container\">\n\t\t\t\t\t\t\t\t\t<p>Formulaire de contact<\/p>\t\t\t\t\t\t\t\t<\/div>\n\t\t\t\t<\/div>\n\t\t\t\t<div class=\"elementor-element elementor-element-43461089 elementor-view-framed elementor-shape-circle elementor-widget elementor-widget-icon\" data-id=\"43461089\" data-element_type=\"widget\" data-widget_type=\"icon.default\">\n\t\t\t\t<div class=\"elementor-widget-container\">\n\t\t\t\t\t\t\t<div class=\"elementor-icon-wrapper\">\n\t\t\t<div class=\"elementor-icon\">\n\t\t\t<i aria-hidden=\"true\" class=\"fas fa-binoculars\"><\/i>\t\t\t<\/div>\n\t\t<\/div>\n\t\t\t\t\t\t<\/div>\n\t\t\t\t<\/div>\n\t\t\t\t\t<\/div>\n\t\t<\/div>\n\t\t\t\t<div class=\"elementor-column elementor-col-50 elementor-top-column elementor-element elementor-element-170eb7bc\" data-id=\"170eb7bc\" data-element_type=\"column\" data-settings=\"{&quot;background_background&quot;:&quot;classic&quot;}\">\n\t\t\t<div class=\"elementor-widget-wrap elementor-element-populated\">\n\t\t\t\t\t\t<div class=\"elementor-element elementor-element-2336f4a8 elementor-widget elementor-widget-heading\" data-id=\"2336f4a8\" data-element_type=\"widget\" id=\"asesoramiento\" data-widget_type=\"heading.default\">\n\t\t\t\t<div class=\"elementor-widget-container\">\n\t\t\t\t\t<h2 class=\"elementor-heading-title elementor-size-default\">Avez-vous besoin de conseils?<\/h2>\t\t\t\t<\/div>\n\t\t\t\t<\/div>\n\t\t\t\t<div class=\"elementor-element elementor-element-6500bfc6 elementor-widget elementor-widget-text-editor\" data-id=\"6500bfc6\" data-element_type=\"widget\" data-widget_type=\"text-editor.default\">\n\t\t\t\t<div class=\"elementor-widget-container\">\n\t\t\t\t\t\t\t\t\t<p>Remplissez le formulaire de contact et notre \u00e9quipe r\u00e9pondra \u00e0 vos questions et \u00e0 vos besoins de mani\u00e8re personnalis\u00e9e.<\/p>\t\t\t\t\t\t\t\t<\/div>\n\t\t\t\t<\/div>\n\t\t\t\t<div class=\"elementor-element elementor-element-1f301c59 elementor-button-align-end elementor-widget elementor-widget-form\" data-id=\"1f301c59\" data-element_type=\"widget\" data-settings=\"{&quot;step_next_label&quot;:&quot;Next&quot;,&quot;step_previous_label&quot;:&quot;Previous&quot;,&quot;button_width&quot;:&quot;100&quot;,&quot;step_type&quot;:&quot;number_text&quot;,&quot;step_icon_shape&quot;:&quot;circle&quot;}\" data-widget_type=\"form.default\">\n\t\t\t\t<div class=\"elementor-widget-container\">\n\t\t\t\t\t\t\t<form class=\"elementor-form\" method=\"post\" name=\"New Form\" aria-label=\"New Form\">\n\t\t\t<input type=\"hidden\" name=\"post_id\" value=\"1408\"\/>\n\t\t\t<input type=\"hidden\" name=\"form_id\" value=\"1f301c59\"\/>\n\t\t\t<input type=\"hidden\" name=\"referer_title\" value=\"Filet anti-gr\u00eale | Vergers, arboriculture fruiti\u00e8re, vignobles - Agralia Group\" \/>\n\n\t\t\t\t\t\t\t<input type=\"hidden\" name=\"queried_id\" value=\"1408\"\/>\n\t\t\t\n\t\t\t<div class=\"elementor-form-fields-wrapper elementor-labels-above\">\n\t\t\t\t\t\t\t\t<div class=\"elementor-field-type-text elementor-field-group elementor-column elementor-field-group-name elementor-col-100 elementor-field-required\">\n\t\t\t\t\t\t\t\t\t\t\t\t<label for=\"form-field-name\" class=\"elementor-field-label\">\n\t\t\t\t\t\t\t\tNom (Obligatoire)\t\t\t\t\t\t\t<\/label>\n\t\t\t\t\t\t\t\t\t\t\t\t\t\t<input size=\"1\" type=\"text\" name=\"form_fields[name]\" id=\"form-field-name\" class=\"elementor-field elementor-size-sm  elementor-field-textual\" required=\"required\">\n\t\t\t\t\t\t\t\t\t\t\t<\/div>\n\t\t\t\t\t\t\t\t<div class=\"elementor-field-type-email elementor-field-group elementor-column elementor-field-group-email elementor-col-100 elementor-field-required\">\n\t\t\t\t\t\t\t\t\t\t\t\t<label for=\"form-field-email\" class=\"elementor-field-label\">\n\t\t\t\t\t\t\t\tCourrier (Obligatoire)\t\t\t\t\t\t\t<\/label>\n\t\t\t\t\t\t\t\t\t\t\t\t\t\t<input size=\"1\" type=\"email\" name=\"form_fields[email]\" id=\"form-field-email\" class=\"elementor-field elementor-size-sm  elementor-field-textual\" required=\"required\">\n\t\t\t\t\t\t\t\t\t\t\t<\/div>\n\t\t\t\t\t\t\t\t<div class=\"elementor-field-type-number elementor-field-group elementor-column elementor-field-group-field_0a5665b elementor-col-100\">\n\t\t\t\t\t\t\t\t\t\t\t\t<label for=\"form-field-field_0a5665b\" class=\"elementor-field-label\">\n\t\t\t\t\t\t\t\tT\u00e9l\u00e9phone (Obligatoire)\t\t\t\t\t\t\t<\/label>\n\t\t\t\t\t\t\t\t\t<input type=\"number\" name=\"form_fields[field_0a5665b]\" id=\"form-field-field_0a5665b\" class=\"elementor-field elementor-size-sm  elementor-field-textual\" min=\"\" max=\"\" >\n\t\t\t\t\t\t<\/div>\n\t\t\t\t\t\t\t\t<div class=\"elementor-field-type-text elementor-field-group elementor-column elementor-field-group-field_1548e75 elementor-col-100\">\n\t\t\t\t\t\t\t\t\t\t\t\t<label for=\"form-field-field_1548e75\" class=\"elementor-field-label\">\n\t\t\t\t\t\t\t\tSujet\t\t\t\t\t\t\t<\/label>\n\t\t\t\t\t\t\t\t\t\t\t\t\t\t<input size=\"1\" type=\"text\" name=\"form_fields[field_1548e75]\" id=\"form-field-field_1548e75\" class=\"elementor-field elementor-size-sm  elementor-field-textual\">\n\t\t\t\t\t\t\t\t\t\t\t<\/div>\n\t\t\t\t\t\t\t\t<div class=\"elementor-field-type-textarea elementor-field-group elementor-column elementor-field-group-message elementor-col-100\">\n\t\t\t\t\t\t\t\t\t\t\t\t<label for=\"form-field-message\" class=\"elementor-field-label\">\n\t\t\t\t\t\t\t\tVotre message\t\t\t\t\t\t\t<\/label>\n\t\t\t\t\t\t<textarea class=\"elementor-field-textual elementor-field  elementor-size-sm\" name=\"form_fields[message]\" id=\"form-field-message\" rows=\"4\"><\/textarea>\t\t\t\t<\/div>\n\t\t\t\t\t\t\t\t<div class=\"elementor-field-group elementor-column elementor-field-type-submit elementor-col-100 e-form__buttons\">\n\t\t\t\t\t<button class=\"elementor-button elementor-size-sm\" type=\"submit\">\n\t\t\t\t\t\t<span class=\"elementor-button-content-wrapper\">\n\t\t\t\t\t\t\t\t\t\t\t\t\t\t\t\t\t\t\t\t\t\t<span class=\"elementor-button-text\">Envoyer<\/span>\n\t\t\t\t\t\t\t\t\t\t\t\t\t<\/span>\n\t\t\t\t\t<\/button>\n\t\t\t\t<\/div>\n\t\t\t<\/div>\n\t\t<\/form>\n\t\t\t\t\t\t<\/div>\n\t\t\t\t<\/div>\n\t\t\t\t\t<\/div>\n\t\t<\/div>\n\t\t\t\t\t<\/div>\n\t\t<\/section>\n\t\t\t\t<\/div>\n\t\t","protected":false},"excerpt":{"rendered":"<p>Filets anti-gr\u00eale Les intemp\u00e9ries sont l&rsquo;une des principales pr\u00e9occupations des producteurs et des professionnels de la culture et des vergers. La gr\u00eale, en particulier, est responsable de la perte de r\u00e9coltes dans de nombreuses r\u00e9gions, car les temp\u00eates sont souvent soudaines et difficiles \u00e0 pr\u00e9voir avec pr\u00e9cision. Pour en att\u00e9nuer les effets, des filets anti-gr\u00eale &#8230; <a title=\"Mallas antigranizo FR\" class=\"read-more\" href=\"https:\/\/agraliagroup.com\/fr\/filets-anti-grele\/\" aria-label=\"En savoir plus sur Mallas antigranizo FR\">Lire la suite<\/a><\/p>\n","protected":false},"author":1,"featured_media":0,"parent":0,"menu_order":0,"comment_status":"closed","ping_status":"closed","template":"","meta":{"footnotes":""},"class_list":["post-1408","page","type-page","status-publish"],"yoast_head":"<!-- This site is optimized with the Yoast SEO plugin v26.2 - https:\/\/yoast.com\/wordpress\/plugins\/seo\/ -->\n<title>Filet anti-gr\u00eale | Vergers, arboriculture fruiti\u00e8re, vignobles - Agralia Group<\/title>\n<meta name=\"description\" content=\"Prot\u00e9gez vos cultures des intemp\u00e9ries avec nos filets anti-gr\u00eale. D\u00e9velopp\u00e9 par Agralia, demandez les prix \u00e0 nos conseillers.\" \/>\n<meta name=\"robots\" content=\"index, follow, max-snippet:-1, max-image-preview:large, max-video-preview:-1\" \/>\n<link rel=\"canonical\" href=\"https:\/\/agraliagroup.com\/fr\/filets-anti-grele\/\" \/>\n<meta property=\"og:locale\" content=\"fr_FR\" \/>\n<meta property=\"og:type\" content=\"article\" \/>\n<meta property=\"og:title\" content=\"Filet anti-gr\u00eale | Vergers, arboriculture fruiti\u00e8re, vignobles - Agralia Group\" \/>\n<meta property=\"og:description\" content=\"Prot\u00e9gez vos cultures des intemp\u00e9ries avec nos filets anti-gr\u00eale. D\u00e9velopp\u00e9 par Agralia, demandez les prix \u00e0 nos conseillers.\" \/>\n<meta property=\"og:url\" content=\"https:\/\/agraliagroup.com\/fr\/filets-anti-grele\/\" \/>\n<meta property=\"og:site_name\" content=\"Agralia Group\" \/>\n<meta property=\"article:modified_time\" content=\"2021-11-01T17:39:08+00:00\" \/>\n<meta name=\"twitter:card\" content=\"summary_large_image\" \/>\n<meta name=\"twitter:label1\" content=\"Dur\u00e9e de lecture estim\u00e9e\" \/>\n\t<meta name=\"twitter:data1\" content=\"2 minutes\" \/>\n<script type=\"application\/ld+json\" class=\"yoast-schema-graph\">{\"@context\":\"https:\/\/schema.org\",\"@graph\":[{\"@type\":\"WebPage\",\"@id\":\"https:\/\/agraliagroup.com\/fr\/filets-anti-grele\/\",\"url\":\"https:\/\/agraliagroup.com\/fr\/filets-anti-grele\/\",\"name\":\"Filet anti-gr\u00eale | Vergers, arboriculture fruiti\u00e8re, vignobles - Agralia Group\",\"isPartOf\":{\"@id\":\"https:\/\/agraliagroup.com\/#website\"},\"datePublished\":\"2021-09-13T09:58:14+00:00\",\"dateModified\":\"2021-11-01T17:39:08+00:00\",\"description\":\"Prot\u00e9gez vos cultures des intemp\u00e9ries avec nos filets anti-gr\u00eale. D\u00e9velopp\u00e9 par Agralia, demandez les prix \u00e0 nos conseillers.\",\"breadcrumb\":{\"@id\":\"https:\/\/agraliagroup.com\/fr\/filets-anti-grele\/#breadcrumb\"},\"inLanguage\":\"fr-FR\",\"potentialAction\":[{\"@type\":\"ReadAction\",\"target\":[\"https:\/\/agraliagroup.com\/fr\/filets-anti-grele\/\"]}]},{\"@type\":\"BreadcrumbList\",\"@id\":\"https:\/\/agraliagroup.com\/fr\/filets-anti-grele\/#breadcrumb\",\"itemListElement\":[{\"@type\":\"ListItem\",\"position\":1,\"name\":\"Portada\",\"item\":\"https:\/\/agraliagroup.com\/fr\/\"},{\"@type\":\"ListItem\",\"position\":2,\"name\":\"Mallas antigranizo FR\"}]},{\"@type\":\"WebSite\",\"@id\":\"https:\/\/agraliagroup.com\/#website\",\"url\":\"https:\/\/agraliagroup.com\/\",\"name\":\"Agralia Group\",\"description\":\"Protecting crops\",\"publisher\":{\"@id\":\"https:\/\/agraliagroup.com\/#organization\"},\"potentialAction\":[{\"@type\":\"SearchAction\",\"target\":{\"@type\":\"EntryPoint\",\"urlTemplate\":\"https:\/\/agraliagroup.com\/?s={search_term_string}\"},\"query-input\":{\"@type\":\"PropertyValueSpecification\",\"valueRequired\":true,\"valueName\":\"search_term_string\"}}],\"inLanguage\":\"fr-FR\"},{\"@type\":\"Organization\",\"@id\":\"https:\/\/agraliagroup.com\/#organization\",\"name\":\"Agralia Group\",\"url\":\"https:\/\/agraliagroup.com\/\",\"logo\":{\"@type\":\"ImageObject\",\"inLanguage\":\"fr-FR\",\"@id\":\"https:\/\/agraliagroup.com\/#\/schema\/logo\/image\/\",\"url\":\"http:\/\/agraliagroup.com\/wp-content\/uploads\/2021\/09\/logoico.png\",\"contentUrl\":\"http:\/\/agraliagroup.com\/wp-content\/uploads\/2021\/09\/logoico.png\",\"width\":350,\"height\":130,\"caption\":\"Agralia Group\"},\"image\":{\"@id\":\"https:\/\/agraliagroup.com\/#\/schema\/logo\/image\/\"}}]}<\/script>\n<!-- \/ Yoast SEO plugin. -->","yoast_head_json":{"title":"Filet anti-gr\u00eale | Vergers, arboriculture fruiti\u00e8re, vignobles - Agralia Group","description":"Prot\u00e9gez vos cultures des intemp\u00e9ries avec nos filets anti-gr\u00eale. D\u00e9velopp\u00e9 par Agralia, demandez les prix \u00e0 nos conseillers.","robots":{"index":"index","follow":"follow","max-snippet":"max-snippet:-1","max-image-preview":"max-image-preview:large","max-video-preview":"max-video-preview:-1"},"canonical":"https:\/\/agraliagroup.com\/fr\/filets-anti-grele\/","og_locale":"fr_FR","og_type":"article","og_title":"Filet anti-gr\u00eale | Vergers, arboriculture fruiti\u00e8re, vignobles - Agralia Group","og_description":"Prot\u00e9gez vos cultures des intemp\u00e9ries avec nos filets anti-gr\u00eale. D\u00e9velopp\u00e9 par Agralia, demandez les prix \u00e0 nos conseillers.","og_url":"https:\/\/agraliagroup.com\/fr\/filets-anti-grele\/","og_site_name":"Agralia Group","article_modified_time":"2021-11-01T17:39:08+00:00","twitter_card":"summary_large_image","twitter_misc":{"Dur\u00e9e de lecture estim\u00e9e":"2 minutes"},"schema":{"@context":"https:\/\/schema.org","@graph":[{"@type":"WebPage","@id":"https:\/\/agraliagroup.com\/fr\/filets-anti-grele\/","url":"https:\/\/agraliagroup.com\/fr\/filets-anti-grele\/","name":"Filet anti-gr\u00eale | Vergers, arboriculture fruiti\u00e8re, vignobles - Agralia Group","isPartOf":{"@id":"https:\/\/agraliagroup.com\/#website"},"datePublished":"2021-09-13T09:58:14+00:00","dateModified":"2021-11-01T17:39:08+00:00","description":"Prot\u00e9gez vos cultures des intemp\u00e9ries avec nos filets anti-gr\u00eale. D\u00e9velopp\u00e9 par Agralia, demandez les prix \u00e0 nos conseillers.","breadcrumb":{"@id":"https:\/\/agraliagroup.com\/fr\/filets-anti-grele\/#breadcrumb"},"inLanguage":"fr-FR","potentialAction":[{"@type":"ReadAction","target":["https:\/\/agraliagroup.com\/fr\/filets-anti-grele\/"]}]},{"@type":"BreadcrumbList","@id":"https:\/\/agraliagroup.com\/fr\/filets-anti-grele\/#breadcrumb","itemListElement":[{"@type":"ListItem","position":1,"name":"Portada","item":"https:\/\/agraliagroup.com\/fr\/"},{"@type":"ListItem","position":2,"name":"Mallas antigranizo FR"}]},{"@type":"WebSite","@id":"https:\/\/agraliagroup.com\/#website","url":"https:\/\/agraliagroup.com\/","name":"Agralia Group","description":"Protecting crops","publisher":{"@id":"https:\/\/agraliagroup.com\/#organization"},"potentialAction":[{"@type":"SearchAction","target":{"@type":"EntryPoint","urlTemplate":"https:\/\/agraliagroup.com\/?s={search_term_string}"},"query-input":{"@type":"PropertyValueSpecification","valueRequired":true,"valueName":"search_term_string"}}],"inLanguage":"fr-FR"},{"@type":"Organization","@id":"https:\/\/agraliagroup.com\/#organization","name":"Agralia Group","url":"https:\/\/agraliagroup.com\/","logo":{"@type":"ImageObject","inLanguage":"fr-FR","@id":"https:\/\/agraliagroup.com\/#\/schema\/logo\/image\/","url":"http:\/\/agraliagroup.com\/wp-content\/uploads\/2021\/09\/logoico.png","contentUrl":"http:\/\/agraliagroup.com\/wp-content\/uploads\/2021\/09\/logoico.png","width":350,"height":130,"caption":"Agralia Group"},"image":{"@id":"https:\/\/agraliagroup.com\/#\/schema\/logo\/image\/"}}]}},"_links":{"self":[{"href":"https:\/\/agraliagroup.com\/fr\/wp-json\/wp\/v2\/pages\/1408","targetHints":{"allow":["GET"]}}],"collection":[{"href":"https:\/\/agraliagroup.com\/fr\/wp-json\/wp\/v2\/pages"}],"about":[{"href":"https:\/\/agraliagroup.com\/fr\/wp-json\/wp\/v2\/types\/page"}],"author":[{"embeddable":true,"href":"https:\/\/agraliagroup.com\/fr\/wp-json\/wp\/v2\/users\/1"}],"replies":[{"embeddable":true,"href":"https:\/\/agraliagroup.com\/fr\/wp-json\/wp\/v2\/comments?post=1408"}],"version-history":[{"count":4,"href":"https:\/\/agraliagroup.com\/fr\/wp-json\/wp\/v2\/pages\/1408\/revisions"}],"predecessor-version":[{"id":1414,"href":"https:\/\/agraliagroup.com\/fr\/wp-json\/wp\/v2\/pages\/1408\/revisions\/1414"}],"wp:attachment":[{"href":"https:\/\/agraliagroup.com\/fr\/wp-json\/wp\/v2\/media?parent=1408"}],"curies":[{"name":"wp","href":"https:\/\/api.w.org\/{rel}","templated":true}]}}