{"id":1393,"date":"2021-09-13T10:22:36","date_gmt":"2021-09-13T10:22:36","guid":{"rendered":"http:\/\/agraliagroup.com\/plasticos-para-invernaderos\/"},"modified":"2021-11-01T17:25:13","modified_gmt":"2021-11-01T17:25:13","slug":"plastiques-pour-serres","status":"publish","type":"page","link":"https:\/\/agraliagroup.com\/fr\/plastiques-pour-serres\/","title":{"rendered":"Pl\u00e1sticos para invernaderos FR"},"content":{"rendered":"\t\t<div data-elementor-type=\"wp-page\" data-elementor-id=\"1393\" class=\"elementor elementor-1393\" data-elementor-post-type=\"page\">\n\t\t\t\t\t\t<section class=\"elementor-section elementor-top-section elementor-element elementor-element-5815cf2e elementor-section-height-min-height elementor-section-boxed elementor-section-height-default elementor-section-items-middle\" data-id=\"5815cf2e\" data-element_type=\"section\" data-settings=\"{&quot;background_background&quot;:&quot;classic&quot;}\">\n\t\t\t\t\t\t<div class=\"elementor-container elementor-column-gap-default\">\n\t\t\t\t\t<div class=\"elementor-column elementor-col-50 elementor-top-column elementor-element elementor-element-76b9e33d\" data-id=\"76b9e33d\" data-element_type=\"column\">\n\t\t\t<div class=\"elementor-widget-wrap\">\n\t\t\t\t\t\t\t<\/div>\n\t\t<\/div>\n\t\t\t\t<div class=\"elementor-column elementor-col-50 elementor-top-column elementor-element elementor-element-784991f3\" data-id=\"784991f3\" data-element_type=\"column\">\n\t\t\t<div class=\"elementor-widget-wrap\">\n\t\t\t\t\t\t\t<\/div>\n\t\t<\/div>\n\t\t\t\t\t<\/div>\n\t\t<\/section>\n\t\t\t\t<section class=\"elementor-section elementor-top-section elementor-element elementor-element-1ab827cb elementor-section-boxed elementor-section-height-default elementor-section-height-default\" data-id=\"1ab827cb\" data-element_type=\"section\">\n\t\t\t\t\t\t<div class=\"elementor-container elementor-column-gap-default\">\n\t\t\t\t\t<div class=\"elementor-column elementor-col-50 elementor-top-column elementor-element elementor-element-7b65f5aa\" data-id=\"7b65f5aa\" data-element_type=\"column\">\n\t\t\t<div class=\"elementor-widget-wrap elementor-element-populated\">\n\t\t\t\t\t\t<div class=\"elementor-element elementor-element-29ca974d elementor-widget elementor-widget-heading\" data-id=\"29ca974d\" data-element_type=\"widget\" data-widget_type=\"heading.default\">\n\t\t\t\t<div class=\"elementor-widget-container\">\n\t\t\t\t\t<h1 class=\"elementor-heading-title elementor-size-default\">Plastiques pour les serres<\/h1>\t\t\t\t<\/div>\n\t\t\t\t<\/div>\n\t\t\t\t<div class=\"elementor-element elementor-element-7ebe21c5 elementor-widget elementor-widget-text-editor\" data-id=\"7ebe21c5\" data-element_type=\"widget\" data-widget_type=\"text-editor.default\">\n\t\t\t\t<div class=\"elementor-widget-container\">\n\t\t\t\t\t\t\t\t\t<p>La pr\u00e9servation des cultures est l&rsquo;une des questions qui pr\u00e9occupent le plus les agriculteurs et les producteurs agricoles. L&rsquo;une des meilleures fa\u00e7ons de <strong>s&rsquo;assurer que la majeure partie de la production<\/strong> se poursuit est de prot\u00e9ger la terre avec des plastiques pour serre.<\/p><p>Chez Agralia, nous disposons de plastiques pour serres con\u00e7us pour \u00eatre jusqu&rsquo;\u00e0 <strong>12 fois plus r\u00e9sistants \u00e0 la traction<\/strong>, \u00e0 la perforation ou aux impacts que les plastiques courants ou d&rsquo;autres alternatives sur le march\u00e9. Tout cela gr\u00e2ce \u00e0 notre r\u00f4le de pionnier dans la recherche, le d\u00e9veloppement et l&rsquo;innovation constante de nos produits.<\/p>\t\t\t\t\t\t\t\t<\/div>\n\t\t\t\t<\/div>\n\t\t\t\t<div class=\"elementor-element elementor-element-19e4dcd1 elementor-widget elementor-widget-button\" data-id=\"19e4dcd1\" data-element_type=\"widget\" data-widget_type=\"button.default\">\n\t\t\t\t<div class=\"elementor-widget-container\">\n\t\t\t\t\t\t\t\t\t<div class=\"elementor-button-wrapper\">\n\t\t\t\t\t<a class=\"elementor-button elementor-button-link elementor-size-sm\" href=\"#asesoramiento\">\n\t\t\t\t\t\t<span class=\"elementor-button-content-wrapper\">\n\t\t\t\t\t\t\t\t\t<span class=\"elementor-button-text\">Je souhaite m\u2019informer<\/span>\n\t\t\t\t\t<\/span>\n\t\t\t\t\t<\/a>\n\t\t\t\t<\/div>\n\t\t\t\t\t\t\t\t<\/div>\n\t\t\t\t<\/div>\n\t\t\t\t\t<\/div>\n\t\t<\/div>\n\t\t\t\t<div class=\"elementor-column elementor-col-50 elementor-top-column elementor-element elementor-element-5447f80e\" data-id=\"5447f80e\" data-element_type=\"column\" data-settings=\"{&quot;background_background&quot;:&quot;classic&quot;}\">\n\t\t\t<div class=\"elementor-widget-wrap\">\n\t\t\t\t\t\t\t<\/div>\n\t\t<\/div>\n\t\t\t\t\t<\/div>\n\t\t<\/section>\n\t\t\t\t<section class=\"elementor-section elementor-top-section elementor-element elementor-element-7f4b1aa4 elementor-section-boxed elementor-section-height-default elementor-section-height-default\" data-id=\"7f4b1aa4\" data-element_type=\"section\" data-settings=\"{&quot;background_background&quot;:&quot;classic&quot;}\">\n\t\t\t\t\t\t<div class=\"elementor-container elementor-column-gap-default\">\n\t\t\t\t\t<div class=\"elementor-column elementor-col-50 elementor-top-column elementor-element elementor-element-157d8956\" data-id=\"157d8956\" data-element_type=\"column\" data-settings=\"{&quot;background_background&quot;:&quot;classic&quot;}\">\n\t\t\t<div class=\"elementor-widget-wrap\">\n\t\t\t\t\t\t\t<\/div>\n\t\t<\/div>\n\t\t\t\t<div class=\"elementor-column elementor-col-50 elementor-top-column elementor-element elementor-element-3f1820e\" data-id=\"3f1820e\" data-element_type=\"column\">\n\t\t\t<div class=\"elementor-widget-wrap elementor-element-populated\">\n\t\t\t\t\t\t<div class=\"elementor-element elementor-element-59a0db71 elementor-widget elementor-widget-heading\" data-id=\"59a0db71\" data-element_type=\"widget\" data-widget_type=\"heading.default\">\n\t\t\t\t<div class=\"elementor-widget-container\">\n\t\t\t\t\t<h2 class=\"elementor-heading-title elementor-size-default\">Plastiques agricoles<\/h2>\t\t\t\t<\/div>\n\t\t\t\t<\/div>\n\t\t\t\t<div class=\"elementor-element elementor-element-724084ba elementor-widget elementor-widget-text-editor\" data-id=\"724084ba\" data-element_type=\"widget\" data-widget_type=\"text-editor.default\">\n\t\t\t\t<div class=\"elementor-widget-container\">\n\t\t\t\t\t\t\t\t\t<div class=\"h-text h-text-component style-2706 style-local-6782-c19 position-relative h-element\" data-colibri-id=\"6782-c19\"><div class=\"\"><div class=\"h-text h-text-component style-2636 style-local-6664-c17 position-relative h-element\" data-colibri-id=\"6664-c17\"><div class=\"\"><p>Disposer d\u2019un excellent fournisseur est la vision d&rsquo;Agralia. <strong>Nous nous soucions des besoins des agriculteurs<\/strong>, c&rsquo;est pourquoi nous avons cr\u00e9\u00e9 des plastiques pour serres qui non seulement prot\u00e8gent vos cultures, mais aussi \u00e0 long terme repr\u00e9sentent une \u00e9conomie de prix.<\/p><p>Concr\u00e8tement, nous mettons en avant deux mod\u00e8les de la gamme Agricover\u00a0:<\/p><\/div><\/div><div class=\"h-text h-text-component style-2646 style-local-6664-c18 position-relative h-element\" data-colibri-id=\"6664-c18\"><div class=\"\"><p><a href=\"\/fr\/agricover\/#agricover-l\" target=\"_blank\" rel=\"noopener\"><strong><span style=\"color: #68af15;\"><u>AGRICOVER L<\/u>\u00a0<\/span><\/strong><\/a>. Souvent, lors de la fumigation, apr\u00e8s des chocs accidentels ou le passage du temps, les serres sont endommag\u00e9es et doivent \u00eatre remplac\u00e9es beaucoup plus t\u00f4t. Avec ce mod\u00e8le et gr\u00e2ce \u00e0 son syst\u00e8me de fabrication, ces dommages sont r\u00e9duits, ce qui donne \u00e0 votre couverture une dur\u00e9e de vie beaucoup plus longue.<\/p><p><strong><span style=\"color: #68af15;\"><a style=\"color: #68af15;\" href=\"\/fr\/agricover\/#agricover-r\" target=\"_blank\" rel=\"noopener\"><u>AGRICOVER R<\/u>\u00a0<\/a><\/span><\/strong>. Fabriqu\u00e9s en poly\u00e9thyl\u00e8ne de haute densit\u00e9, avec de l\u2019imperm\u00e9abilit\u00e9 totale, de la transparence et surtout d\u2019une grande r\u00e9sistance. Une valeur s\u00fbre pour couvrir le toit de votre serre.<\/p><\/div><\/div><\/div><\/div>\t\t\t\t\t\t\t\t<\/div>\n\t\t\t\t<\/div>\n\t\t\t\t\t<\/div>\n\t\t<\/div>\n\t\t\t\t\t<\/div>\n\t\t<\/section>\n\t\t\t\t<section class=\"elementor-section elementor-top-section elementor-element elementor-element-5eada3ae elementor-section-boxed elementor-section-height-default elementor-section-height-default\" data-id=\"5eada3ae\" data-element_type=\"section\" data-settings=\"{&quot;background_background&quot;:&quot;classic&quot;,&quot;background_motion_fx_motion_fx_scrolling&quot;:&quot;yes&quot;,&quot;background_motion_fx_translateY_effect&quot;:&quot;yes&quot;,&quot;background_motion_fx_translateY_speed&quot;:{&quot;unit&quot;:&quot;px&quot;,&quot;size&quot;:4,&quot;sizes&quot;:[]},&quot;background_motion_fx_translateY_affectedRange&quot;:{&quot;unit&quot;:&quot;%&quot;,&quot;size&quot;:&quot;&quot;,&quot;sizes&quot;:{&quot;start&quot;:0,&quot;end&quot;:100}},&quot;background_motion_fx_devices&quot;:[&quot;desktop&quot;,&quot;tablet&quot;,&quot;mobile&quot;]}\">\n\t\t\t\t\t\t\t<div class=\"elementor-background-overlay\"><\/div>\n\t\t\t\t\t\t\t<div class=\"elementor-container elementor-column-gap-default\">\n\t\t\t\t\t<div class=\"elementor-column elementor-col-50 elementor-top-column elementor-element elementor-element-378be311\" data-id=\"378be311\" data-element_type=\"column\" data-settings=\"{&quot;background_background&quot;:&quot;classic&quot;}\">\n\t\t\t<div class=\"elementor-widget-wrap elementor-element-populated\">\n\t\t\t\t\t\t<div class=\"elementor-element elementor-element-5b760724 elementor-widget elementor-widget-text-editor\" data-id=\"5b760724\" data-element_type=\"widget\" data-widget_type=\"text-editor.default\">\n\t\t\t\t<div class=\"elementor-widget-container\">\n\t\t\t\t\t\t\t\t\t<p>Formulaire de contact<\/p>\t\t\t\t\t\t\t\t<\/div>\n\t\t\t\t<\/div>\n\t\t\t\t<div class=\"elementor-element elementor-element-362b6b8d elementor-view-framed elementor-shape-circle elementor-widget elementor-widget-icon\" data-id=\"362b6b8d\" data-element_type=\"widget\" data-widget_type=\"icon.default\">\n\t\t\t\t<div class=\"elementor-widget-container\">\n\t\t\t\t\t\t\t<div class=\"elementor-icon-wrapper\">\n\t\t\t<div class=\"elementor-icon\">\n\t\t\t<i aria-hidden=\"true\" class=\"fas fa-binoculars\"><\/i>\t\t\t<\/div>\n\t\t<\/div>\n\t\t\t\t\t\t<\/div>\n\t\t\t\t<\/div>\n\t\t\t\t\t<\/div>\n\t\t<\/div>\n\t\t\t\t<div class=\"elementor-column elementor-col-50 elementor-top-column elementor-element elementor-element-63f623fa\" data-id=\"63f623fa\" data-element_type=\"column\" data-settings=\"{&quot;background_background&quot;:&quot;classic&quot;}\">\n\t\t\t<div class=\"elementor-widget-wrap elementor-element-populated\">\n\t\t\t\t\t\t<div class=\"elementor-element elementor-element-3f27e9c3 elementor-widget elementor-widget-heading\" data-id=\"3f27e9c3\" data-element_type=\"widget\" id=\"asesoramiento\" data-widget_type=\"heading.default\">\n\t\t\t\t<div class=\"elementor-widget-container\">\n\t\t\t\t\t<h2 class=\"elementor-heading-title elementor-size-default\">Avez-vous besoin de conseils?<\/h2>\t\t\t\t<\/div>\n\t\t\t\t<\/div>\n\t\t\t\t<div class=\"elementor-element elementor-element-79abdfa9 elementor-widget elementor-widget-text-editor\" data-id=\"79abdfa9\" data-element_type=\"widget\" data-widget_type=\"text-editor.default\">\n\t\t\t\t<div class=\"elementor-widget-container\">\n\t\t\t\t\t\t\t\t\t<p>Remplissez le formulaire de contact et notre \u00e9quipe r\u00e9pondra \u00e0 vos questions et \u00e0 vos besoins de mani\u00e8re personnalis\u00e9e.<\/p>\t\t\t\t\t\t\t\t<\/div>\n\t\t\t\t<\/div>\n\t\t\t\t<div class=\"elementor-element elementor-element-4b2de294 elementor-button-align-end elementor-widget elementor-widget-form\" data-id=\"4b2de294\" data-element_type=\"widget\" data-settings=\"{&quot;step_next_label&quot;:&quot;Next&quot;,&quot;step_previous_label&quot;:&quot;Previous&quot;,&quot;button_width&quot;:&quot;100&quot;,&quot;step_type&quot;:&quot;number_text&quot;,&quot;step_icon_shape&quot;:&quot;circle&quot;}\" data-widget_type=\"form.default\">\n\t\t\t\t<div class=\"elementor-widget-container\">\n\t\t\t\t\t\t\t<form class=\"elementor-form\" method=\"post\" name=\"New Form\" aria-label=\"New Form\">\n\t\t\t<input type=\"hidden\" name=\"post_id\" value=\"1393\"\/>\n\t\t\t<input type=\"hidden\" name=\"form_id\" value=\"4b2de294\"\/>\n\t\t\t<input type=\"hidden\" name=\"referer_title\" value=\"Plastiques pour serres - Agralia Group\" \/>\n\n\t\t\t\t\t\t\t<input type=\"hidden\" name=\"queried_id\" value=\"1393\"\/>\n\t\t\t\n\t\t\t<div class=\"elementor-form-fields-wrapper elementor-labels-above\">\n\t\t\t\t\t\t\t\t<div class=\"elementor-field-type-text elementor-field-group elementor-column elementor-field-group-name elementor-col-100 elementor-field-required\">\n\t\t\t\t\t\t\t\t\t\t\t\t<label for=\"form-field-name\" class=\"elementor-field-label\">\n\t\t\t\t\t\t\t\tNom (Obligatoire)\t\t\t\t\t\t\t<\/label>\n\t\t\t\t\t\t\t\t\t\t\t\t\t\t<input size=\"1\" type=\"text\" name=\"form_fields[name]\" id=\"form-field-name\" class=\"elementor-field elementor-size-sm  elementor-field-textual\" required=\"required\">\n\t\t\t\t\t\t\t\t\t\t\t<\/div>\n\t\t\t\t\t\t\t\t<div class=\"elementor-field-type-email elementor-field-group elementor-column elementor-field-group-email elementor-col-100 elementor-field-required\">\n\t\t\t\t\t\t\t\t\t\t\t\t<label for=\"form-field-email\" class=\"elementor-field-label\">\n\t\t\t\t\t\t\t\tCourrier (Obligatoire)\t\t\t\t\t\t\t<\/label>\n\t\t\t\t\t\t\t\t\t\t\t\t\t\t<input size=\"1\" type=\"email\" name=\"form_fields[email]\" id=\"form-field-email\" class=\"elementor-field elementor-size-sm  elementor-field-textual\" required=\"required\">\n\t\t\t\t\t\t\t\t\t\t\t<\/div>\n\t\t\t\t\t\t\t\t<div class=\"elementor-field-type-number elementor-field-group elementor-column elementor-field-group-field_0a5665b elementor-col-100\">\n\t\t\t\t\t\t\t\t\t\t\t\t<label for=\"form-field-field_0a5665b\" class=\"elementor-field-label\">\n\t\t\t\t\t\t\t\tT\u00e9l\u00e9phone (Obligatoire)\t\t\t\t\t\t\t<\/label>\n\t\t\t\t\t\t\t\t\t<input type=\"number\" name=\"form_fields[field_0a5665b]\" id=\"form-field-field_0a5665b\" class=\"elementor-field elementor-size-sm  elementor-field-textual\" min=\"\" max=\"\" >\n\t\t\t\t\t\t<\/div>\n\t\t\t\t\t\t\t\t<div class=\"elementor-field-type-text elementor-field-group elementor-column elementor-field-group-field_1548e75 elementor-col-100\">\n\t\t\t\t\t\t\t\t\t\t\t\t<label for=\"form-field-field_1548e75\" class=\"elementor-field-label\">\n\t\t\t\t\t\t\t\tSujet\t\t\t\t\t\t\t<\/label>\n\t\t\t\t\t\t\t\t\t\t\t\t\t\t<input size=\"1\" type=\"text\" name=\"form_fields[field_1548e75]\" id=\"form-field-field_1548e75\" class=\"elementor-field elementor-size-sm  elementor-field-textual\">\n\t\t\t\t\t\t\t\t\t\t\t<\/div>\n\t\t\t\t\t\t\t\t<div class=\"elementor-field-type-textarea elementor-field-group elementor-column elementor-field-group-message elementor-col-100\">\n\t\t\t\t\t\t\t\t\t\t\t\t<label for=\"form-field-message\" class=\"elementor-field-label\">\n\t\t\t\t\t\t\t\tVotre message\t\t\t\t\t\t\t<\/label>\n\t\t\t\t\t\t<textarea class=\"elementor-field-textual elementor-field  elementor-size-sm\" name=\"form_fields[message]\" id=\"form-field-message\" rows=\"4\"><\/textarea>\t\t\t\t<\/div>\n\t\t\t\t\t\t\t\t<div class=\"elementor-field-group elementor-column elementor-field-type-submit elementor-col-100 e-form__buttons\">\n\t\t\t\t\t<button class=\"elementor-button elementor-size-sm\" type=\"submit\">\n\t\t\t\t\t\t<span class=\"elementor-button-content-wrapper\">\n\t\t\t\t\t\t\t\t\t\t\t\t\t\t\t\t\t\t\t\t\t\t<span class=\"elementor-button-text\">Envoyer<\/span>\n\t\t\t\t\t\t\t\t\t\t\t\t\t<\/span>\n\t\t\t\t\t<\/button>\n\t\t\t\t<\/div>\n\t\t\t<\/div>\n\t\t<\/form>\n\t\t\t\t\t\t<\/div>\n\t\t\t\t<\/div>\n\t\t\t\t\t<\/div>\n\t\t<\/div>\n\t\t\t\t\t<\/div>\n\t\t<\/section>\n\t\t\t\t<\/div>\n\t\t","protected":false},"excerpt":{"rendered":"<p>Plastiques pour les serres La pr\u00e9servation des cultures est l&rsquo;une des questions qui pr\u00e9occupent le plus les agriculteurs et les producteurs agricoles. L&rsquo;une des meilleures fa\u00e7ons de s&rsquo;assurer que la majeure partie de la production se poursuit est de prot\u00e9ger la terre avec des plastiques pour serre. Chez Agralia, nous disposons de plastiques pour serres &#8230; <a title=\"Pl\u00e1sticos para invernaderos FR\" class=\"read-more\" href=\"https:\/\/agraliagroup.com\/fr\/plastiques-pour-serres\/\" aria-label=\"En savoir plus sur Pl\u00e1sticos para invernaderos FR\">Lire la suite<\/a><\/p>\n","protected":false},"author":1,"featured_media":0,"parent":0,"menu_order":0,"comment_status":"closed","ping_status":"closed","template":"","meta":{"footnotes":""},"class_list":["post-1393","page","type-page","status-publish"],"yoast_head":"<!-- This site is optimized with the Yoast SEO plugin v26.2 - https:\/\/yoast.com\/wordpress\/plugins\/seo\/ -->\n<title>Plastiques pour serres - Agralia Group<\/title>\n<meta name=\"description\" content=\"Nous avons des plastiques de serre qui sont jusqu&#039;\u00e0 12 fois plus r\u00e9sistants que les autres alternatives sur le march\u00e9. Produits brevet\u00e9s. Conseils et soutien.\" \/>\n<meta name=\"robots\" content=\"index, follow, max-snippet:-1, max-image-preview:large, max-video-preview:-1\" \/>\n<link rel=\"canonical\" href=\"https:\/\/agraliagroup.com\/fr\/plastiques-pour-serres\/\" \/>\n<meta property=\"og:locale\" content=\"fr_FR\" \/>\n<meta property=\"og:type\" content=\"article\" \/>\n<meta property=\"og:title\" content=\"Plastiques pour serres - Agralia Group\" \/>\n<meta property=\"og:description\" content=\"Nous avons des plastiques de serre qui sont jusqu&#039;\u00e0 12 fois plus r\u00e9sistants que les autres alternatives sur le march\u00e9. Produits brevet\u00e9s. Conseils et soutien.\" \/>\n<meta property=\"og:url\" content=\"https:\/\/agraliagroup.com\/fr\/plastiques-pour-serres\/\" \/>\n<meta property=\"og:site_name\" content=\"Agralia Group\" \/>\n<meta property=\"article:modified_time\" content=\"2021-11-01T17:25:13+00:00\" \/>\n<meta name=\"twitter:card\" content=\"summary_large_image\" \/>\n<meta name=\"twitter:label1\" content=\"Dur\u00e9e de lecture estim\u00e9e\" \/>\n\t<meta name=\"twitter:data1\" content=\"2 minutes\" \/>\n<script type=\"application\/ld+json\" class=\"yoast-schema-graph\">{\"@context\":\"https:\/\/schema.org\",\"@graph\":[{\"@type\":\"WebPage\",\"@id\":\"https:\/\/agraliagroup.com\/fr\/plastiques-pour-serres\/\",\"url\":\"https:\/\/agraliagroup.com\/fr\/plastiques-pour-serres\/\",\"name\":\"Plastiques pour serres - Agralia Group\",\"isPartOf\":{\"@id\":\"https:\/\/agraliagroup.com\/#website\"},\"datePublished\":\"2021-09-13T10:22:36+00:00\",\"dateModified\":\"2021-11-01T17:25:13+00:00\",\"description\":\"Nous avons des plastiques de serre qui sont jusqu'\u00e0 12 fois plus r\u00e9sistants que les autres alternatives sur le march\u00e9. Produits brevet\u00e9s. Conseils et soutien.\",\"breadcrumb\":{\"@id\":\"https:\/\/agraliagroup.com\/fr\/plastiques-pour-serres\/#breadcrumb\"},\"inLanguage\":\"fr-FR\",\"potentialAction\":[{\"@type\":\"ReadAction\",\"target\":[\"https:\/\/agraliagroup.com\/fr\/plastiques-pour-serres\/\"]}]},{\"@type\":\"BreadcrumbList\",\"@id\":\"https:\/\/agraliagroup.com\/fr\/plastiques-pour-serres\/#breadcrumb\",\"itemListElement\":[{\"@type\":\"ListItem\",\"position\":1,\"name\":\"Portada\",\"item\":\"https:\/\/agraliagroup.com\/fr\/\"},{\"@type\":\"ListItem\",\"position\":2,\"name\":\"Pl\u00e1sticos para invernaderos FR\"}]},{\"@type\":\"WebSite\",\"@id\":\"https:\/\/agraliagroup.com\/#website\",\"url\":\"https:\/\/agraliagroup.com\/\",\"name\":\"Agralia Group\",\"description\":\"Protecting crops\",\"publisher\":{\"@id\":\"https:\/\/agraliagroup.com\/#organization\"},\"potentialAction\":[{\"@type\":\"SearchAction\",\"target\":{\"@type\":\"EntryPoint\",\"urlTemplate\":\"https:\/\/agraliagroup.com\/?s={search_term_string}\"},\"query-input\":{\"@type\":\"PropertyValueSpecification\",\"valueRequired\":true,\"valueName\":\"search_term_string\"}}],\"inLanguage\":\"fr-FR\"},{\"@type\":\"Organization\",\"@id\":\"https:\/\/agraliagroup.com\/#organization\",\"name\":\"Agralia Group\",\"url\":\"https:\/\/agraliagroup.com\/\",\"logo\":{\"@type\":\"ImageObject\",\"inLanguage\":\"fr-FR\",\"@id\":\"https:\/\/agraliagroup.com\/#\/schema\/logo\/image\/\",\"url\":\"http:\/\/agraliagroup.com\/wp-content\/uploads\/2021\/09\/logoico.png\",\"contentUrl\":\"http:\/\/agraliagroup.com\/wp-content\/uploads\/2021\/09\/logoico.png\",\"width\":350,\"height\":130,\"caption\":\"Agralia Group\"},\"image\":{\"@id\":\"https:\/\/agraliagroup.com\/#\/schema\/logo\/image\/\"}}]}<\/script>\n<!-- \/ Yoast SEO plugin. -->","yoast_head_json":{"title":"Plastiques pour serres - Agralia Group","description":"Nous avons des plastiques de serre qui sont jusqu'\u00e0 12 fois plus r\u00e9sistants que les autres alternatives sur le march\u00e9. Produits brevet\u00e9s. Conseils et soutien.","robots":{"index":"index","follow":"follow","max-snippet":"max-snippet:-1","max-image-preview":"max-image-preview:large","max-video-preview":"max-video-preview:-1"},"canonical":"https:\/\/agraliagroup.com\/fr\/plastiques-pour-serres\/","og_locale":"fr_FR","og_type":"article","og_title":"Plastiques pour serres - Agralia Group","og_description":"Nous avons des plastiques de serre qui sont jusqu'\u00e0 12 fois plus r\u00e9sistants que les autres alternatives sur le march\u00e9. Produits brevet\u00e9s. Conseils et soutien.","og_url":"https:\/\/agraliagroup.com\/fr\/plastiques-pour-serres\/","og_site_name":"Agralia Group","article_modified_time":"2021-11-01T17:25:13+00:00","twitter_card":"summary_large_image","twitter_misc":{"Dur\u00e9e de lecture estim\u00e9e":"2 minutes"},"schema":{"@context":"https:\/\/schema.org","@graph":[{"@type":"WebPage","@id":"https:\/\/agraliagroup.com\/fr\/plastiques-pour-serres\/","url":"https:\/\/agraliagroup.com\/fr\/plastiques-pour-serres\/","name":"Plastiques pour serres - Agralia Group","isPartOf":{"@id":"https:\/\/agraliagroup.com\/#website"},"datePublished":"2021-09-13T10:22:36+00:00","dateModified":"2021-11-01T17:25:13+00:00","description":"Nous avons des plastiques de serre qui sont jusqu'\u00e0 12 fois plus r\u00e9sistants que les autres alternatives sur le march\u00e9. Produits brevet\u00e9s. Conseils et soutien.","breadcrumb":{"@id":"https:\/\/agraliagroup.com\/fr\/plastiques-pour-serres\/#breadcrumb"},"inLanguage":"fr-FR","potentialAction":[{"@type":"ReadAction","target":["https:\/\/agraliagroup.com\/fr\/plastiques-pour-serres\/"]}]},{"@type":"BreadcrumbList","@id":"https:\/\/agraliagroup.com\/fr\/plastiques-pour-serres\/#breadcrumb","itemListElement":[{"@type":"ListItem","position":1,"name":"Portada","item":"https:\/\/agraliagroup.com\/fr\/"},{"@type":"ListItem","position":2,"name":"Pl\u00e1sticos para invernaderos FR"}]},{"@type":"WebSite","@id":"https:\/\/agraliagroup.com\/#website","url":"https:\/\/agraliagroup.com\/","name":"Agralia Group","description":"Protecting crops","publisher":{"@id":"https:\/\/agraliagroup.com\/#organization"},"potentialAction":[{"@type":"SearchAction","target":{"@type":"EntryPoint","urlTemplate":"https:\/\/agraliagroup.com\/?s={search_term_string}"},"query-input":{"@type":"PropertyValueSpecification","valueRequired":true,"valueName":"search_term_string"}}],"inLanguage":"fr-FR"},{"@type":"Organization","@id":"https:\/\/agraliagroup.com\/#organization","name":"Agralia Group","url":"https:\/\/agraliagroup.com\/","logo":{"@type":"ImageObject","inLanguage":"fr-FR","@id":"https:\/\/agraliagroup.com\/#\/schema\/logo\/image\/","url":"http:\/\/agraliagroup.com\/wp-content\/uploads\/2021\/09\/logoico.png","contentUrl":"http:\/\/agraliagroup.com\/wp-content\/uploads\/2021\/09\/logoico.png","width":350,"height":130,"caption":"Agralia Group"},"image":{"@id":"https:\/\/agraliagroup.com\/#\/schema\/logo\/image\/"}}]}},"_links":{"self":[{"href":"https:\/\/agraliagroup.com\/fr\/wp-json\/wp\/v2\/pages\/1393","targetHints":{"allow":["GET"]}}],"collection":[{"href":"https:\/\/agraliagroup.com\/fr\/wp-json\/wp\/v2\/pages"}],"about":[{"href":"https:\/\/agraliagroup.com\/fr\/wp-json\/wp\/v2\/types\/page"}],"author":[{"embeddable":true,"href":"https:\/\/agraliagroup.com\/fr\/wp-json\/wp\/v2\/users\/1"}],"replies":[{"embeddable":true,"href":"https:\/\/agraliagroup.com\/fr\/wp-json\/wp\/v2\/comments?post=1393"}],"version-history":[{"count":4,"href":"https:\/\/agraliagroup.com\/fr\/wp-json\/wp\/v2\/pages\/1393\/revisions"}],"predecessor-version":[{"id":1399,"href":"https:\/\/agraliagroup.com\/fr\/wp-json\/wp\/v2\/pages\/1393\/revisions\/1399"}],"wp:attachment":[{"href":"https:\/\/agraliagroup.com\/fr\/wp-json\/wp\/v2\/media?parent=1393"}],"curies":[{"name":"wp","href":"https:\/\/api.w.org\/{rel}","templated":true}]}}