{"id":1284,"date":"2021-09-15T10:17:14","date_gmt":"2021-09-15T10:17:14","guid":{"rendered":"http:\/\/agraliagroup.com\/noticias\/"},"modified":"2021-10-31T18:51:18","modified_gmt":"2021-10-31T18:51:18","slug":"actualites","status":"publish","type":"page","link":"https:\/\/agraliagroup.com\/fr\/actualites\/","title":{"rendered":"Noticias FR"},"content":{"rendered":"\t\t<div data-elementor-type=\"wp-page\" data-elementor-id=\"1284\" class=\"elementor elementor-1284\" data-elementor-post-type=\"page\">\n\t\t\t\t\t\t<section class=\"elementor-section elementor-top-section elementor-element elementor-element-7db1b967 elementor-section-height-min-height elementor-section-boxed elementor-section-height-default elementor-section-items-middle\" data-id=\"7db1b967\" data-element_type=\"section\" data-settings=\"{&quot;background_background&quot;:&quot;classic&quot;}\">\n\t\t\t\t\t\t<div class=\"elementor-container elementor-column-gap-default\">\n\t\t\t\t\t<div class=\"elementor-column elementor-col-50 elementor-top-column elementor-element elementor-element-46952a21\" data-id=\"46952a21\" data-element_type=\"column\">\n\t\t\t<div class=\"elementor-widget-wrap elementor-element-populated\">\n\t\t\t\t\t\t<div class=\"elementor-element elementor-element-c7ff206 elementor-widget elementor-widget-heading\" data-id=\"c7ff206\" data-element_type=\"widget\" data-widget_type=\"heading.default\">\n\t\t\t\t<div class=\"elementor-widget-container\">\n\t\t\t\t\t<h1 class=\"elementor-heading-title elementor-size-default\">Actualit\u00e9s<\/h1>\t\t\t\t<\/div>\n\t\t\t\t<\/div>\n\t\t\t\t\t<\/div>\n\t\t<\/div>\n\t\t\t\t<div class=\"elementor-column elementor-col-50 elementor-top-column elementor-element elementor-element-3823938b\" data-id=\"3823938b\" data-element_type=\"column\">\n\t\t\t<div class=\"elementor-widget-wrap\">\n\t\t\t\t\t\t\t<\/div>\n\t\t<\/div>\n\t\t\t\t\t<\/div>\n\t\t<\/section>\n\t\t\t\t<section class=\"elementor-section elementor-top-section elementor-element elementor-element-dfaef9b elementor-section-boxed elementor-section-height-default elementor-section-height-default\" data-id=\"dfaef9b\" data-element_type=\"section\">\n\t\t\t\t\t\t<div class=\"elementor-container elementor-column-gap-default\">\n\t\t\t\t\t<div class=\"elementor-column elementor-col-100 elementor-top-column elementor-element elementor-element-a4d6cda\" data-id=\"a4d6cda\" data-element_type=\"column\">\n\t\t\t<div class=\"elementor-widget-wrap elementor-element-populated\">\n\t\t\t\t\t\t<div class=\"elementor-element elementor-element-76004c1 elementor-grid-2 elementor-grid-tablet-2 elementor-grid-mobile-1 elementor-posts--thumbnail-top elementor-widget elementor-widget-posts\" data-id=\"76004c1\" data-element_type=\"widget\" data-settings=\"{&quot;classic_columns&quot;:&quot;2&quot;,&quot;classic_columns_tablet&quot;:&quot;2&quot;,&quot;classic_columns_mobile&quot;:&quot;1&quot;,&quot;classic_row_gap&quot;:{&quot;unit&quot;:&quot;px&quot;,&quot;size&quot;:35,&quot;sizes&quot;:[]},&quot;classic_row_gap_tablet&quot;:{&quot;unit&quot;:&quot;px&quot;,&quot;size&quot;:&quot;&quot;,&quot;sizes&quot;:[]},&quot;classic_row_gap_mobile&quot;:{&quot;unit&quot;:&quot;px&quot;,&quot;size&quot;:&quot;&quot;,&quot;sizes&quot;:[]}}\" data-widget_type=\"posts.classic\">\n\t\t\t\t<div class=\"elementor-widget-container\">\n\t\t\t\t\t\t\t<div class=\"elementor-posts-container elementor-posts elementor-posts--skin-classic elementor-grid\" role=\"list\">\n\t\t\t\t<article class=\"elementor-post elementor-grid-item post-1260 post type-post status-publish format-standard has-post-thumbnail hentry\" role=\"listitem\">\n\t\t\t\t<a class=\"elementor-post__thumbnail__link\" href=\"https:\/\/agraliagroup.com\/fr\/agricover-cobertura-para-uva-de-mesa\/\" tabindex=\"-1\" >\n\t\t\t<div class=\"elementor-post__thumbnail\"><img fetchpriority=\"high\" decoding=\"async\" width=\"300\" height=\"225\" src=\"https:\/\/agraliagroup.com\/wp-content\/uploads\/2021\/09\/20190617_110943-300x225.jpg\" class=\"attachment-medium size-medium wp-image-1261\" alt=\"\" srcset=\"https:\/\/agraliagroup.com\/wp-content\/uploads\/2021\/09\/20190617_110943-300x225.jpg 300w, https:\/\/agraliagroup.com\/wp-content\/uploads\/2021\/09\/20190617_110943-1024x768.jpg 1024w, https:\/\/agraliagroup.com\/wp-content\/uploads\/2021\/09\/20190617_110943-768x576.jpg 768w, https:\/\/agraliagroup.com\/wp-content\/uploads\/2021\/09\/20190617_110943-1536x1152.jpg 1536w, https:\/\/agraliagroup.com\/wp-content\/uploads\/2021\/09\/20190617_110943-2048x1536.jpg 2048w\" sizes=\"(max-width: 300px) 100vw, 300px\" \/><\/div>\n\t\t<\/a>\n\t\t\t\t<div class=\"elementor-post__text\">\n\t\t\t\t<h2 class=\"elementor-post__title\">\n\t\t\t<a href=\"https:\/\/agraliagroup.com\/fr\/agricover-cobertura-para-uva-de-mesa\/\" >\n\t\t\t\tCouverture pour raisin de table\t\t\t<\/a>\n\t\t<\/h2>\n\t\t\t\t<div class=\"elementor-post__meta-data\">\n\t\t\t\t\t<span class=\"elementor-post-date\">\n\t\t\tavril 20, 2021\t\t<\/span>\n\t\t\t\t<\/div>\n\t\t\t\t<div class=\"elementor-post__excerpt\">\n\t\t\t<p>Couverture pour raisin de table. AGRICOVER U, la protection dont vous avez besoin pour vos raisins de table. Les changements r\u00e9sultant de l&rsquo;utilisation de tous<\/p>\n\t\t<\/div>\n\t\t\n\t\t<a class=\"elementor-post__read-more\" href=\"https:\/\/agraliagroup.com\/fr\/agricover-cobertura-para-uva-de-mesa\/\" aria-label=\"En savoir plus sur Couverture pour raisin de table\" tabindex=\"-1\" >\n\t\t\tLire plus \u00bb\t\t<\/a>\n\n\t\t\t\t<\/div>\n\t\t\t\t<\/article>\n\t\t\t\t<article class=\"elementor-post elementor-grid-item post-1264 post type-post status-publish format-standard has-post-thumbnail hentry\" role=\"listitem\">\n\t\t\t\t<a class=\"elementor-post__thumbnail__link\" href=\"https:\/\/agraliagroup.com\/fr\/agrifresh-cobertor-horas-frio\/\" tabindex=\"-1\" >\n\t\t\t<div class=\"elementor-post__thumbnail\"><img decoding=\"async\" width=\"300\" height=\"192\" src=\"https:\/\/agraliagroup.com\/wp-content\/uploads\/2021\/09\/MallaAgrifresh2021-300x192.jpg\" class=\"attachment-medium size-medium wp-image-1265\" alt=\"\" srcset=\"https:\/\/agraliagroup.com\/wp-content\/uploads\/2021\/09\/MallaAgrifresh2021-300x192.jpg 300w, https:\/\/agraliagroup.com\/wp-content\/uploads\/2021\/09\/MallaAgrifresh2021.jpg 720w\" sizes=\"(max-width: 300px) 100vw, 300px\" \/><\/div>\n\t\t<\/a>\n\t\t\t\t<div class=\"elementor-post__text\">\n\t\t\t\t<h2 class=\"elementor-post__title\">\n\t\t\t<a href=\"https:\/\/agraliagroup.com\/fr\/agrifresh-cobertor-horas-frio\/\" >\n\t\t\t\tAgralia pr\u00e9sente Agrifresh, l&rsquo;\u00e9cran thermique avec des microparticules d&rsquo;aluminium\t\t\t<\/a>\n\t\t<\/h2>\n\t\t\t\t<div class=\"elementor-post__meta-data\">\n\t\t\t\t\t<span class=\"elementor-post-date\">\n\t\t\tmars 19, 2021\t\t<\/span>\n\t\t\t\t<\/div>\n\t\t\t\t<div class=\"elementor-post__excerpt\">\n\t\t\t<p>Agralia, entreprise espagnole d&rsquo;agrotextile d\u00e9di\u00e9e \u00e0 la protection des cultures depuis plus de 40 ans, a toujours fait de l&rsquo;innovation l&rsquo;une de ses principales forces.<\/p>\n\t\t<\/div>\n\t\t\n\t\t<a class=\"elementor-post__read-more\" href=\"https:\/\/agraliagroup.com\/fr\/agrifresh-cobertor-horas-frio\/\" aria-label=\"En savoir plus sur Agralia pr\u00e9sente Agrifresh, l&rsquo;\u00e9cran thermique avec des microparticules d&rsquo;aluminium\" tabindex=\"-1\" >\n\t\t\tLire plus \u00bb\t\t<\/a>\n\n\t\t\t\t<\/div>\n\t\t\t\t<\/article>\n\t\t\t\t<article class=\"elementor-post elementor-grid-item post-1270 post type-post status-publish format-standard has-post-thumbnail hentry category-cobertores-fr\" role=\"listitem\">\n\t\t\t\t<a class=\"elementor-post__thumbnail__link\" href=\"https:\/\/agraliagroup.com\/fr\/agricooler-horas-frio\/\" tabindex=\"-1\" >\n\t\t\t<div class=\"elementor-post__thumbnail\"><img decoding=\"async\" width=\"169\" height=\"300\" src=\"https:\/\/agraliagroup.com\/wp-content\/uploads\/2021\/09\/AGRICOOLER4-576x1024-1-169x300.jpg\" class=\"attachment-medium size-medium wp-image-1271\" alt=\"\" srcset=\"https:\/\/agraliagroup.com\/wp-content\/uploads\/2021\/09\/AGRICOOLER4-576x1024-1-169x300.jpg 169w, https:\/\/agraliagroup.com\/wp-content\/uploads\/2021\/09\/AGRICOOLER4-576x1024-1.jpg 576w\" sizes=\"(max-width: 169px) 100vw, 169px\" \/><\/div>\n\t\t<\/a>\n\t\t\t\t<div class=\"elementor-post__text\">\n\t\t\t\t<h2 class=\"elementor-post__title\">\n\t\t\t<a href=\"https:\/\/agraliagroup.com\/fr\/agricooler-horas-frio\/\" >\n\t\t\t\tUtiliser AGRICOOLER\u00ae pour am\u00e9liorer l\u2019accumulation des heures de froid chez les cerisiers.\t\t\t<\/a>\n\t\t<\/h2>\n\t\t\t\t<div class=\"elementor-post__meta-data\">\n\t\t\t\t\t<span class=\"elementor-post-date\">\n\t\t\tmars 16, 2021\t\t<\/span>\n\t\t\t\t<\/div>\n\t\t\t\t<div class=\"elementor-post__excerpt\">\n\t\t\t<p>Le froid de l\u2019hiver est essentiel pour les plantes vivaces des r\u00e9gions froides, tandis que les plantes \u00e0 feuilles caduques \u00e9vitent les dommages provoqu\u00e9s par<\/p>\n\t\t<\/div>\n\t\t\n\t\t<a class=\"elementor-post__read-more\" href=\"https:\/\/agraliagroup.com\/fr\/agricooler-horas-frio\/\" aria-label=\"En savoir plus sur Utiliser AGRICOOLER\u00ae pour am\u00e9liorer l\u2019accumulation des heures de froid chez les cerisiers.\" tabindex=\"-1\" >\n\t\t\tLire plus \u00bb\t\t<\/a>\n\n\t\t\t\t<\/div>\n\t\t\t\t<\/article>\n\t\t\t\t<article class=\"elementor-post elementor-grid-item post-1276 post type-post status-publish format-standard has-post-thumbnail hentry category-cobertores-fr\" role=\"listitem\">\n\t\t\t\t<a class=\"elementor-post__thumbnail__link\" href=\"https:\/\/agraliagroup.com\/fr\/agricover-cobertura-de-frutales\/\" tabindex=\"-1\" >\n\t\t\t<div class=\"elementor-post__thumbnail\"><img loading=\"lazy\" decoding=\"async\" width=\"300\" height=\"225\" src=\"https:\/\/agraliagroup.com\/wp-content\/uploads\/2021\/09\/Agricover-FTT13-Primera-fila-arboles-300x225.jpg\" class=\"attachment-medium size-medium wp-image-1277\" alt=\"\" srcset=\"https:\/\/agraliagroup.com\/wp-content\/uploads\/2021\/09\/Agricover-FTT13-Primera-fila-arboles-300x225.jpg 300w, https:\/\/agraliagroup.com\/wp-content\/uploads\/2021\/09\/Agricover-FTT13-Primera-fila-arboles-1024x768.jpg 1024w, https:\/\/agraliagroup.com\/wp-content\/uploads\/2021\/09\/Agricover-FTT13-Primera-fila-arboles-768x576.jpg 768w, https:\/\/agraliagroup.com\/wp-content\/uploads\/2021\/09\/Agricover-FTT13-Primera-fila-arboles.jpg 1040w\" sizes=\"(max-width: 300px) 100vw, 300px\" \/><\/div>\n\t\t<\/a>\n\t\t\t\t<div class=\"elementor-post__text\">\n\t\t\t\t<h2 class=\"elementor-post__title\">\n\t\t\t<a href=\"https:\/\/agraliagroup.com\/fr\/agricover-cobertura-de-frutales\/\" >\n\t\t\t\tAGRICOVER\u00ae \u2013 Couverture des arbres fruitiers\t\t\t<\/a>\n\t\t<\/h2>\n\t\t\t\t<div class=\"elementor-post__meta-data\">\n\t\t\t\t\t<span class=\"elementor-post-date\">\n\t\t\tmars 16, 2021\t\t<\/span>\n\t\t\t\t<\/div>\n\t\t\t\t<div class=\"elementor-post__excerpt\">\n\t\t\t<p>Les changements r\u00e9sultant de l&rsquo;utilisation de tous les types de couverture sur les arbres fruitiers, que ce soit de filets ou de paillis, peuvent \u00eatre<\/p>\n\t\t<\/div>\n\t\t\n\t\t<a class=\"elementor-post__read-more\" href=\"https:\/\/agraliagroup.com\/fr\/agricover-cobertura-de-frutales\/\" aria-label=\"En savoir plus sur AGRICOVER\u00ae \u2013 Couverture des arbres fruitiers\" tabindex=\"-1\" >\n\t\t\tLire plus \u00bb\t\t<\/a>\n\n\t\t\t\t<\/div>\n\t\t\t\t<\/article>\n\t\t\t\t<\/div>\n\t\t\n\t\t\t\t\t\t<\/div>\n\t\t\t\t<\/div>\n\t\t\t\t\t<\/div>\n\t\t<\/div>\n\t\t\t\t\t<\/div>\n\t\t<\/section>\n\t\t\t\t<\/div>\n\t\t","protected":false},"excerpt":{"rendered":"<p>Actualit\u00e9s<\/p>\n","protected":false},"author":1,"featured_media":0,"parent":0,"menu_order":0,"comment_status":"closed","ping_status":"closed","template":"","meta":{"footnotes":""},"class_list":["post-1284","page","type-page","status-publish","hentry"],"yoast_head":"<!-- This site is optimized with the Yoast SEO plugin v26.2 - https:\/\/yoast.com\/wordpress\/plugins\/seo\/ -->\n<title>Actualit\u00e9s - Agralia Group<\/title>\n<meta name=\"robots\" content=\"index, follow, max-snippet:-1, max-image-preview:large, max-video-preview:-1\" \/>\n<link rel=\"canonical\" href=\"https:\/\/agraliagroup.com\/fr\/actualites\/\" \/>\n<meta property=\"og:locale\" content=\"fr_FR\" \/>\n<meta property=\"og:type\" content=\"article\" \/>\n<meta property=\"og:title\" content=\"Actualit\u00e9s - Agralia Group\" \/>\n<meta property=\"og:description\" content=\"Actualit\u00e9s\" \/>\n<meta property=\"og:url\" content=\"https:\/\/agraliagroup.com\/fr\/actualites\/\" \/>\n<meta property=\"og:site_name\" content=\"Agralia Group\" \/>\n<meta property=\"article:modified_time\" content=\"2021-10-31T18:51:18+00:00\" \/>\n<meta name=\"twitter:card\" content=\"summary_large_image\" \/>\n<meta name=\"twitter:label1\" content=\"Dur\u00e9e de lecture estim\u00e9e\" \/>\n\t<meta name=\"twitter:data1\" content=\"2 minutes\" \/>\n<script type=\"application\/ld+json\" class=\"yoast-schema-graph\">{\"@context\":\"https:\/\/schema.org\",\"@graph\":[{\"@type\":\"WebPage\",\"@id\":\"https:\/\/agraliagroup.com\/fr\/actualites\/\",\"url\":\"https:\/\/agraliagroup.com\/fr\/actualites\/\",\"name\":\"Actualit\u00e9s - Agralia Group\",\"isPartOf\":{\"@id\":\"https:\/\/agraliagroup.com\/#website\"},\"datePublished\":\"2021-09-15T10:17:14+00:00\",\"dateModified\":\"2021-10-31T18:51:18+00:00\",\"breadcrumb\":{\"@id\":\"https:\/\/agraliagroup.com\/fr\/actualites\/#breadcrumb\"},\"inLanguage\":\"fr-FR\",\"potentialAction\":[{\"@type\":\"ReadAction\",\"target\":[\"https:\/\/agraliagroup.com\/fr\/actualites\/\"]}]},{\"@type\":\"BreadcrumbList\",\"@id\":\"https:\/\/agraliagroup.com\/fr\/actualites\/#breadcrumb\",\"itemListElement\":[{\"@type\":\"ListItem\",\"position\":1,\"name\":\"Portada\",\"item\":\"https:\/\/agraliagroup.com\/fr\/\"},{\"@type\":\"ListItem\",\"position\":2,\"name\":\"Noticias FR\"}]},{\"@type\":\"WebSite\",\"@id\":\"https:\/\/agraliagroup.com\/#website\",\"url\":\"https:\/\/agraliagroup.com\/\",\"name\":\"Agralia Group\",\"description\":\"Protecting crops\",\"publisher\":{\"@id\":\"https:\/\/agraliagroup.com\/#organization\"},\"potentialAction\":[{\"@type\":\"SearchAction\",\"target\":{\"@type\":\"EntryPoint\",\"urlTemplate\":\"https:\/\/agraliagroup.com\/?s={search_term_string}\"},\"query-input\":{\"@type\":\"PropertyValueSpecification\",\"valueRequired\":true,\"valueName\":\"search_term_string\"}}],\"inLanguage\":\"fr-FR\"},{\"@type\":\"Organization\",\"@id\":\"https:\/\/agraliagroup.com\/#organization\",\"name\":\"Agralia Group\",\"url\":\"https:\/\/agraliagroup.com\/\",\"logo\":{\"@type\":\"ImageObject\",\"inLanguage\":\"fr-FR\",\"@id\":\"https:\/\/agraliagroup.com\/#\/schema\/logo\/image\/\",\"url\":\"http:\/\/agraliagroup.com\/wp-content\/uploads\/2021\/09\/logoico.png\",\"contentUrl\":\"http:\/\/agraliagroup.com\/wp-content\/uploads\/2021\/09\/logoico.png\",\"width\":350,\"height\":130,\"caption\":\"Agralia Group\"},\"image\":{\"@id\":\"https:\/\/agraliagroup.com\/#\/schema\/logo\/image\/\"}}]}<\/script>\n<!-- \/ Yoast SEO plugin. -->","yoast_head_json":{"title":"Actualit\u00e9s - Agralia Group","robots":{"index":"index","follow":"follow","max-snippet":"max-snippet:-1","max-image-preview":"max-image-preview:large","max-video-preview":"max-video-preview:-1"},"canonical":"https:\/\/agraliagroup.com\/fr\/actualites\/","og_locale":"fr_FR","og_type":"article","og_title":"Actualit\u00e9s - Agralia Group","og_description":"Actualit\u00e9s","og_url":"https:\/\/agraliagroup.com\/fr\/actualites\/","og_site_name":"Agralia Group","article_modified_time":"2021-10-31T18:51:18+00:00","twitter_card":"summary_large_image","twitter_misc":{"Dur\u00e9e de lecture estim\u00e9e":"2 minutes"},"schema":{"@context":"https:\/\/schema.org","@graph":[{"@type":"WebPage","@id":"https:\/\/agraliagroup.com\/fr\/actualites\/","url":"https:\/\/agraliagroup.com\/fr\/actualites\/","name":"Actualit\u00e9s - Agralia Group","isPartOf":{"@id":"https:\/\/agraliagroup.com\/#website"},"datePublished":"2021-09-15T10:17:14+00:00","dateModified":"2021-10-31T18:51:18+00:00","breadcrumb":{"@id":"https:\/\/agraliagroup.com\/fr\/actualites\/#breadcrumb"},"inLanguage":"fr-FR","potentialAction":[{"@type":"ReadAction","target":["https:\/\/agraliagroup.com\/fr\/actualites\/"]}]},{"@type":"BreadcrumbList","@id":"https:\/\/agraliagroup.com\/fr\/actualites\/#breadcrumb","itemListElement":[{"@type":"ListItem","position":1,"name":"Portada","item":"https:\/\/agraliagroup.com\/fr\/"},{"@type":"ListItem","position":2,"name":"Noticias FR"}]},{"@type":"WebSite","@id":"https:\/\/agraliagroup.com\/#website","url":"https:\/\/agraliagroup.com\/","name":"Agralia Group","description":"Protecting crops","publisher":{"@id":"https:\/\/agraliagroup.com\/#organization"},"potentialAction":[{"@type":"SearchAction","target":{"@type":"EntryPoint","urlTemplate":"https:\/\/agraliagroup.com\/?s={search_term_string}"},"query-input":{"@type":"PropertyValueSpecification","valueRequired":true,"valueName":"search_term_string"}}],"inLanguage":"fr-FR"},{"@type":"Organization","@id":"https:\/\/agraliagroup.com\/#organization","name":"Agralia Group","url":"https:\/\/agraliagroup.com\/","logo":{"@type":"ImageObject","inLanguage":"fr-FR","@id":"https:\/\/agraliagroup.com\/#\/schema\/logo\/image\/","url":"http:\/\/agraliagroup.com\/wp-content\/uploads\/2021\/09\/logoico.png","contentUrl":"http:\/\/agraliagroup.com\/wp-content\/uploads\/2021\/09\/logoico.png","width":350,"height":130,"caption":"Agralia Group"},"image":{"@id":"https:\/\/agraliagroup.com\/#\/schema\/logo\/image\/"}}]}},"_links":{"self":[{"href":"https:\/\/agraliagroup.com\/fr\/wp-json\/wp\/v2\/pages\/1284","targetHints":{"allow":["GET"]}}],"collection":[{"href":"https:\/\/agraliagroup.com\/fr\/wp-json\/wp\/v2\/pages"}],"about":[{"href":"https:\/\/agraliagroup.com\/fr\/wp-json\/wp\/v2\/types\/page"}],"author":[{"embeddable":true,"href":"https:\/\/agraliagroup.com\/fr\/wp-json\/wp\/v2\/users\/1"}],"replies":[{"embeddable":true,"href":"https:\/\/agraliagroup.com\/fr\/wp-json\/wp\/v2\/comments?post=1284"}],"version-history":[{"count":4,"href":"https:\/\/agraliagroup.com\/fr\/wp-json\/wp\/v2\/pages\/1284\/revisions"}],"predecessor-version":[{"id":1289,"href":"https:\/\/agraliagroup.com\/fr\/wp-json\/wp\/v2\/pages\/1284\/revisions\/1289"}],"wp:attachment":[{"href":"https:\/\/agraliagroup.com\/fr\/wp-json\/wp\/v2\/media?parent=1284"}],"curies":[{"name":"wp","href":"https:\/\/api.w.org\/{rel}","templated":true}]}}